{"id":3319,"date":"2021-05-16T22:05:10","date_gmt":"2021-05-16T22:05:10","guid":{"rendered":"https:\/\/pinargorpeoglu.com\/?page_id=3319"},"modified":"2024-03-11T11:04:07","modified_gmt":"2024-03-11T11:04:07","slug":"hakkimda","status":"publish","type":"page","link":"https:\/\/pinargorpeoglu.com\/en\/hakkimda\/","title":{"rendered":"About me"},"content":{"rendered":"<div data-elementor-type=\"wp-page\" data-elementor-id=\"3319\" class=\"elementor elementor-3319\" data-elementor-post-type=\"page\">\n\t\t\t\t\t\t<section class=\"elementor-section elementor-top-section elementor-element elementor-element-78b8881 elementor-section-full_width elementor-section-height-default elementor-section-height-default\" data-id=\"78b8881\" data-element_type=\"section\" data-settings=\"{&quot;background_background&quot;:&quot;classic&quot;}\">\n\t\t\t\t\t\t<div class=\"elementor-container elementor-column-gap-no\">\n\t\t\t\t\t<div class=\"elementor-column elementor-col-33 elementor-top-column elementor-element elementor-element-9a71d53 elementor-hidden-phone\" data-id=\"9a71d53\" data-element_type=\"column\">\n\t\t\t<div class=\"elementor-widget-wrap\">\n\t\t\t\t\t\t\t<\/div>\n\t\t<\/div>\n\t\t\t\t<div class=\"elementor-column elementor-col-33 elementor-top-column elementor-element elementor-element-ebdcbe9\" data-id=\"ebdcbe9\" data-element_type=\"column\">\n\t\t\t<div class=\"elementor-widget-wrap elementor-element-populated\">\n\t\t\t\t\t\t<div class=\"elementor-element elementor-element-4c72bc1 elementor-widget elementor-widget-heading\" data-id=\"4c72bc1\" data-element_type=\"widget\" data-widget_type=\"heading.default\">\n\t\t\t\t<div class=\"elementor-widget-container\">\n\t\t\t<h1 class=\"elementor-heading-title elementor-size-default\">About me<\/h1>\t\t<\/div>\n\t\t\t\t<\/div>\n\t\t\t\t\t<\/div>\n\t\t<\/div>\n\t\t\t\t<div class=\"elementor-column elementor-col-33 elementor-top-column elementor-element elementor-element-22683a5 elementor-hidden-phone\" data-id=\"22683a5\" data-element_type=\"column\">\n\t\t\t<div class=\"elementor-widget-wrap\">\n\t\t\t\t\t\t\t<\/div>\n\t\t<\/div>\n\t\t\t\t\t<\/div>\n\t\t<\/section>\n\t\t\t\t<section class=\"elementor-section elementor-top-section elementor-element elementor-element-ec2dbd4 elementor-section-full_width elementor-hidden-phone elementor-section-height-default elementor-section-height-default\" data-id=\"ec2dbd4\" data-element_type=\"section\">\n\t\t\t\t\t\t<div class=\"elementor-container elementor-column-gap-no\">\n\t\t\t\t\t<div class=\"elementor-column elementor-col-100 elementor-top-column elementor-element elementor-element-e650842\" data-id=\"e650842\" data-element_type=\"column\">\n\t\t\t<div class=\"elementor-widget-wrap elementor-element-populated\">\n\t\t\t\t\t\t<div class=\"elementor-element elementor-element-d67a19b elementor-widget elementor-widget-image\" data-id=\"d67a19b\" data-element_type=\"widget\" data-widget_type=\"image.default\">\n\t\t\t\t<div class=\"elementor-widget-container\">\n\t\t\t\t\t\t\t\t\t\t\t\t\t<img fetchpriority=\"high\" decoding=\"async\" width=\"1000\" height=\"660\" src=\"https:\/\/pinargorpeoglu.com\/wp-content\/uploads\/2021\/05\/8-5.jpg\" class=\"attachment-full size-full wp-image-3252\" alt=\"\u00d6rnek Daire Projesi - P\u0131nar G\u00f6rpeo\u011flu\" srcset=\"https:\/\/pinargorpeoglu.com\/wp-content\/uploads\/2021\/05\/8-5.jpg 1000w, https:\/\/pinargorpeoglu.com\/wp-content\/uploads\/2021\/05\/8-5-300x198.jpg 300w, https:\/\/pinargorpeoglu.com\/wp-content\/uploads\/2021\/05\/8-5-768x507.jpg 768w\" sizes=\"(max-width: 1000px) 100vw, 1000px\" \/>\t\t\t\t\t\t\t\t\t\t\t\t\t<\/div>\n\t\t\t\t<\/div>\n\t\t\t\t\t<\/div>\n\t\t<\/div>\n\t\t\t\t\t<\/div>\n\t\t<\/section>\n\t\t\t\t<section class=\"elementor-section elementor-top-section elementor-element elementor-element-600137b2 elementor-section-content-middle elementor-reverse-mobile elementor-section-boxed elementor-section-height-default elementor-section-height-default\" data-id=\"600137b2\" data-element_type=\"section\" data-settings=\"{&quot;background_background&quot;:&quot;classic&quot;}\">\n\t\t\t\t\t\t<div class=\"elementor-container elementor-column-gap-wide\">\n\t\t\t\t\t<div class=\"elementor-column elementor-col-50 elementor-top-column elementor-element elementor-element-235da0ca\" data-id=\"235da0ca\" data-element_type=\"column\">\n\t\t\t<div class=\"elementor-widget-wrap elementor-element-populated\">\n\t\t\t\t\t\t<div class=\"elementor-element elementor-element-1a6d7272 elementor-widget elementor-widget-text-editor\" data-id=\"1a6d7272\" data-element_type=\"widget\" data-widget_type=\"text-editor.default\">\n\t\t\t\t<div class=\"elementor-widget-container\">\n\t\t\t\t\t\t\t<p>I graduated from Mimar Sinan Fine Arts University, Department of Architecture. Later, I worked as a Project Manager in one of the industry's leading architectural firms for 5 years.<\/p><p>When I decided to get my master's degree in Interior Architecture, I went to Italy. While continuing my master's program at Istituto Europeo Di Design in Milan, I had the opportunity to realize various collaborations and projects with reputable brands of Italy.<\/p><p>After returning to Turkey from Italy in 2010, I founded my own company to put all my knowledge and international experiences into practice. Since then, I have been designing architectural projects at home and abroad.\u00a0<\/p><p>I'm a total travel enthusiast. Having traveled to 35 countries and many continents allowed me to know many different cultures. Seeing that each culture has its own unique tastes, smells, colors and textures has been my biggest source of inspiration in reflecting these differences into my designs and creation process. This \u201cdiversity\u201d I experienced while traveling the world; It reinforced my belief that every space I design should be unique and have an identity. My priority when starting a design has always been to offer spaces that are special to the user and provide a sensory and emotional experience, in addition to its functionality.<\/p><p>My desire to be original in my designs and my attention to detail enabled me to undertake the management of the design and production processes of the furniture I used in the projects.<\/p><p>Since the first day I started working in 2005, I have never lost my excitement in the design process. I plan to make many designs throughout my career without losing this feeling.<\/p>\t\t\t\t\t\t<\/div>\n\t\t\t\t<\/div>\n\t\t\t\t<div class=\"elementor-element elementor-element-6908162 elementor-widget elementor-widget-image\" data-id=\"6908162\" data-element_type=\"widget\" data-widget_type=\"image.default\">\n\t\t\t\t<div class=\"elementor-widget-container\">\n\t\t\t\t\t\t\t\t\t\t\t\t\t<img decoding=\"async\" width=\"400\" height=\"63\" src=\"https:\/\/pinargorpeoglu.com\/wp-content\/uploads\/2021\/05\/imza.jpg\" class=\"attachment-full size-full wp-image-3327\" alt=\"P\u0131nar G\u00f6rpeo\u011flu\" srcset=\"https:\/\/pinargorpeoglu.com\/wp-content\/uploads\/2021\/05\/imza.jpg 400w, https:\/\/pinargorpeoglu.com\/wp-content\/uploads\/2021\/05\/imza-300x47.jpg 300w\" sizes=\"(max-width: 400px) 100vw, 400px\" \/>\t\t\t\t\t\t\t\t\t\t\t\t\t<\/div>\n\t\t\t\t<\/div>\n\t\t\t\t\t<\/div>\n\t\t<\/div>\n\t\t\t\t<div class=\"elementor-column elementor-col-50 elementor-top-column elementor-element elementor-element-2b90b46b elementor-invisible\" data-id=\"2b90b46b\" data-element_type=\"column\" data-settings=\"{&quot;background_background&quot;:&quot;classic&quot;,&quot;animation&quot;:&quot;fadeIn&quot;}\">\n\t\t\t<div class=\"elementor-widget-wrap elementor-element-populated\">\n\t\t\t\t\t\t<div class=\"elementor-element elementor-element-f1834fb elementor-widget elementor-widget-image\" data-id=\"f1834fb\" data-element_type=\"widget\" data-widget_type=\"image.default\">\n\t\t\t\t<div class=\"elementor-widget-container\">\n\t\t\t\t\t\t\t\t\t\t\t\t\t<img decoding=\"async\" width=\"580\" height=\"829\" src=\"https:\/\/pinargorpeoglu.com\/wp-content\/uploads\/2023\/12\/Pinar-Gorpeoglu-190-716x1024.jpg\" class=\"attachment-large size-large wp-image-4117\" alt=\"\" srcset=\"https:\/\/pinargorpeoglu.com\/wp-content\/uploads\/2023\/12\/Pinar-Gorpeoglu-190-716x1024.jpg 716w, https:\/\/pinargorpeoglu.com\/wp-content\/uploads\/2023\/12\/Pinar-Gorpeoglu-190-210x300.jpg 210w, https:\/\/pinargorpeoglu.com\/wp-content\/uploads\/2023\/12\/Pinar-Gorpeoglu-190-768x1099.jpg 768w, https:\/\/pinargorpeoglu.com\/wp-content\/uploads\/2023\/12\/Pinar-Gorpeoglu-190.jpg 900w\" sizes=\"(max-width: 580px) 100vw, 580px\" \/>\t\t\t\t\t\t\t\t\t\t\t\t\t<\/div>\n\t\t\t\t<\/div>\n\t\t\t\t\t<\/div>\n\t\t<\/div>\n\t\t\t\t\t<\/div>\n\t\t<\/section>\n\t\t\t\t<\/div>","protected":false},"excerpt":{"rendered":"<p>Hakk\u0131mda Mimar Sinan G\u00fczel Sanatlar \u00dcniversitesi, Mimarl\u0131k b\u00f6l\u00fcm\u00fcnden mezun oldum. Daha sonra sekt\u00f6r\u00fcn \u00f6nde gelen mimarl\u0131k firmalar\u0131ndan birinde 5 y\u0131l s\u00fcre ile Proje Y\u00f6neticili\u011fi yapt\u0131m. Y\u00fcksek lisans e\u011fitimimi \u0130\u00e7 Mimarl\u0131k \u00fczerine almaya karar verince, \u0130talya&#8217;n\u0131n yolunu tuttum. Milano, \u0130stituto Europeo Di Design&#8217;da master program\u0131na devam ederken \u0130talya\u2019n\u0131n sayg\u0131n markalar\u0131yla \u00e7e\u015fitli i\u015f birlikleri ve projeler ger\u00e7ekle\u015ftirme [&hellip;]<\/p>","protected":false},"author":1,"featured_media":0,"parent":0,"menu_order":0,"comment_status":"closed","ping_status":"closed","template":"","meta":{"footnotes":""},"class_list":["post-3319","page","type-page","status-publish","hentry"],"_links":{"self":[{"href":"https:\/\/pinargorpeoglu.com\/en\/wp-json\/wp\/v2\/pages\/3319","targetHints":{"allow":["GET"]}}],"collection":[{"href":"https:\/\/pinargorpeoglu.com\/en\/wp-json\/wp\/v2\/pages"}],"about":[{"href":"https:\/\/pinargorpeoglu.com\/en\/wp-json\/wp\/v2\/types\/page"}],"author":[{"embeddable":true,"href":"https:\/\/pinargorpeoglu.com\/en\/wp-json\/wp\/v2\/users\/1"}],"replies":[{"embeddable":true,"href":"https:\/\/pinargorpeoglu.com\/en\/wp-json\/wp\/v2\/comments?post=3319"}],"version-history":[{"count":30,"href":"https:\/\/pinargorpeoglu.com\/en\/wp-json\/wp\/v2\/pages\/3319\/revisions"}],"predecessor-version":[{"id":4195,"href":"https:\/\/pinargorpeoglu.com\/en\/wp-json\/wp\/v2\/pages\/3319\/revisions\/4195"}],"wp:attachment":[{"href":"https:\/\/pinargorpeoglu.com\/en\/wp-json\/wp\/v2\/media?parent=3319"}],"curies":[{"name":"wp","href":"https:\/\/api.w.org\/{rel}","templated":true}]}}