{"id":4211,"date":"2024-05-16T10:28:36","date_gmt":"2024-05-16T10:28:36","guid":{"rendered":"https:\/\/pinargorpeoglu.com\/?page_id=4211"},"modified":"2024-05-16T12:09:40","modified_gmt":"2024-05-16T12:09:40","slug":"basin-haberleri","status":"publish","type":"page","link":"http:\/\/pinargorpeoglu.com\/en\/basin-haberleri\/","title":{"rendered":"Bas\u0131n Haberleri"},"content":{"rendered":"<div data-elementor-type=\"wp-page\" data-elementor-id=\"4211\" class=\"elementor elementor-4211\" data-elementor-post-type=\"page\">\n\t\t\t\t\t\t<section class=\"elementor-section elementor-top-section elementor-element elementor-element-78b8881 elementor-section-full_width elementor-section-height-default elementor-section-height-default\" data-id=\"78b8881\" data-element_type=\"section\" data-settings=\"{&quot;background_background&quot;:&quot;classic&quot;}\">\n\t\t\t\t\t\t<div class=\"elementor-container elementor-column-gap-no\">\n\t\t\t\t\t<div class=\"elementor-column elementor-col-33 elementor-top-column elementor-element elementor-element-9a71d53 elementor-hidden-phone\" data-id=\"9a71d53\" data-element_type=\"column\">\n\t\t\t<div class=\"elementor-widget-wrap\">\n\t\t\t\t\t\t\t<\/div>\n\t\t<\/div>\n\t\t\t\t<div class=\"elementor-column elementor-col-33 elementor-top-column elementor-element elementor-element-ebdcbe9\" data-id=\"ebdcbe9\" data-element_type=\"column\">\n\t\t\t<div class=\"elementor-widget-wrap elementor-element-populated\">\n\t\t\t\t\t\t<div class=\"elementor-element elementor-element-4c72bc1 elementor-widget elementor-widget-heading\" data-id=\"4c72bc1\" data-element_type=\"widget\" data-widget_type=\"heading.default\">\n\t\t\t\t<div class=\"elementor-widget-container\">\n\t\t\t<h1 class=\"elementor-heading-title elementor-size-default\">Bas\u0131n Haberleri<\/h1>\t\t<\/div>\n\t\t\t\t<\/div>\n\t\t\t\t\t<\/div>\n\t\t<\/div>\n\t\t\t\t<div class=\"elementor-column elementor-col-33 elementor-top-column elementor-element elementor-element-22683a5 elementor-hidden-phone\" data-id=\"22683a5\" data-element_type=\"column\">\n\t\t\t<div class=\"elementor-widget-wrap\">\n\t\t\t\t\t\t\t<\/div>\n\t\t<\/div>\n\t\t\t\t\t<\/div>\n\t\t<\/section>\n\t\t\t\t<section class=\"elementor-section elementor-top-section elementor-element elementor-element-ec2dbd4 elementor-section-full_width elementor-hidden-phone elementor-section-height-default elementor-section-height-default\" data-id=\"ec2dbd4\" data-element_type=\"section\">\n\t\t\t\t\t\t<div class=\"elementor-container elementor-column-gap-no\">\n\t\t\t\t\t<div class=\"elementor-column elementor-col-100 elementor-top-column elementor-element elementor-element-e650842\" data-id=\"e650842\" data-element_type=\"column\">\n\t\t\t<div class=\"elementor-widget-wrap elementor-element-populated\">\n\t\t\t\t\t\t<div class=\"elementor-element elementor-element-d67a19b elementor-widget elementor-widget-image\" data-id=\"d67a19b\" data-element_type=\"widget\" data-widget_type=\"image.default\">\n\t\t\t\t<div class=\"elementor-widget-container\">\n\t\t\t\t\t\t\t\t\t\t\t\t\t\t<a href=\"https:\/\/competition.adesignaward.com\/design.php?ID=156285\" target=\"_blank\" rel=\"nofollow\">\n\t\t\t\t\t\t\t<img fetchpriority=\"high\" decoding=\"async\" width=\"1950\" height=\"655\" src=\"https:\/\/pinargorpeoglu.com\/wp-content\/uploads\/2024\/05\/basin-haber-tepe-03.png\" class=\"attachment-full size-full wp-image-4216\" alt=\"\" srcset=\"https:\/\/pinargorpeoglu.com\/wp-content\/uploads\/2024\/05\/basin-haber-tepe-03.png 1950w, https:\/\/pinargorpeoglu.com\/wp-content\/uploads\/2024\/05\/basin-haber-tepe-03-300x101.png 300w, https:\/\/pinargorpeoglu.com\/wp-content\/uploads\/2024\/05\/basin-haber-tepe-03-1024x344.png 1024w, https:\/\/pinargorpeoglu.com\/wp-content\/uploads\/2024\/05\/basin-haber-tepe-03-768x258.png 768w, https:\/\/pinargorpeoglu.com\/wp-content\/uploads\/2024\/05\/basin-haber-tepe-03-1536x516.png 1536w, https:\/\/pinargorpeoglu.com\/wp-content\/uploads\/2024\/05\/basin-haber-tepe-03-18x6.png 18w, https:\/\/pinargorpeoglu.com\/wp-content\/uploads\/2024\/05\/basin-haber-tepe-03-1200x403.png 1200w\" sizes=\"(max-width: 1950px) 100vw, 1950px\" \/>\t\t\t\t\t\t\t\t<\/a>\n\t\t\t\t\t\t\t\t\t\t\t\t\t<\/div>\n\t\t\t\t<\/div>\n\t\t\t\t\t<\/div>\n\t\t<\/div>\n\t\t\t\t\t<\/div>\n\t\t<\/section>\n\t\t\t\t<section class=\"elementor-section elementor-top-section elementor-element elementor-element-dcb9166 elementor-section-boxed elementor-section-height-default elementor-section-height-default\" data-id=\"dcb9166\" data-element_type=\"section\">\n\t\t\t\t\t\t<div class=\"elementor-container elementor-column-gap-default\">\n\t\t\t\t\t<div class=\"elementor-column elementor-col-100 elementor-top-column elementor-element elementor-element-4111d91\" data-id=\"4111d91\" data-element_type=\"column\">\n\t\t\t<div class=\"elementor-widget-wrap elementor-element-populated\">\n\t\t\t\t\t\t<div class=\"elementor-element elementor-element-6ec8e87 elementor-tabs-view-vertical elementor-widget elementor-widget-tabs\" data-id=\"6ec8e87\" data-element_type=\"widget\" data-widget_type=\"tabs.default\">\n\t\t\t\t<div class=\"elementor-widget-container\">\n\t\t\t\t\t<div class=\"elementor-tabs\">\n\t\t\t<div class=\"elementor-tabs-wrapper\" role=\"tablist\" >\n\t\t\t\t\t\t\t\t\t<div id=\"elementor-tab-title-1161\" class=\"elementor-tab-title elementor-tab-desktop-title\" aria-selected=\"true\" data-tab=\"1\" role=\"tab\" tabindex=\"0\" aria-controls=\"elementor-tab-content-1161\" aria-expanded=\"false\">A' Design Award & Competition<\/div>\n\t\t\t\t\t\t\t\t\t<div id=\"elementor-tab-title-1162\" class=\"elementor-tab-title elementor-tab-desktop-title\" aria-selected=\"false\" data-tab=\"2\" role=\"tab\" tabindex=\"-1\" aria-controls=\"elementor-tab-content-1162\" aria-expanded=\"false\">A' Design Award & Competition<\/div>\n\t\t\t\t\t\t\t\t\t<div id=\"elementor-tab-title-1163\" class=\"elementor-tab-title elementor-tab-desktop-title\" aria-selected=\"false\" data-tab=\"3\" role=\"tab\" tabindex=\"-1\" aria-controls=\"elementor-tab-content-1163\" aria-expanded=\"false\">MOOD - Museum of Outstanding Design<\/div>\n\t\t\t\t\t\t\t\t\t<div id=\"elementor-tab-title-1164\" class=\"elementor-tab-title elementor-tab-desktop-title\" aria-selected=\"false\" data-tab=\"4\" role=\"tab\" tabindex=\"-1\" aria-controls=\"elementor-tab-content-1164\" aria-expanded=\"false\">Best Design Turkey<\/div>\n\t\t\t\t\t\t\t\t\t<div id=\"elementor-tab-title-1165\" class=\"elementor-tab-title elementor-tab-desktop-title\" aria-selected=\"false\" data-tab=\"5\" role=\"tab\" tabindex=\"-1\" aria-controls=\"elementor-tab-content-1165\" aria-expanded=\"false\">Design Magazine<\/div>\n\t\t\t\t\t\t\t<\/div>\n\t\t\t<div class=\"elementor-tabs-content-wrapper\" role=\"tablist\" aria-orientation=\"vertical\">\n\t\t\t\t\t\t\t\t\t<div class=\"elementor-tab-title elementor-tab-mobile-title\" aria-selected=\"true\" data-tab=\"1\" role=\"tab\" tabindex=\"0\" aria-controls=\"elementor-tab-content-1161\" aria-expanded=\"false\">A' Design Award & Competition<\/div>\n\t\t\t\t\t<div id=\"elementor-tab-content-1161\" class=\"elementor-tab-content elementor-clearfix\" data-tab=\"1\" role=\"tabpanel\" aria-labelledby=\"elementor-tab-title-1161\" tabindex=\"0\" hidden=\"false\"><div class=\"elementor-container elementor-column-gap-wide\"><div class=\"elementor-column elementor-col-50 elementor-top-column elementor-element elementor-element-235da0ca\" data-id=\"235da0ca\" data-element_type=\"column\"><div class=\"elementor-widget-wrap elementor-element-populated\"><div class=\"elementor-element elementor-element-1a6d7272 elementor-widget elementor-widget-text-editor\" data-id=\"1a6d7272\" data-element_type=\"widget\" data-widget_type=\"text-editor.default\"><div class=\"elementor-widget-container\"><ul><li>Piccola Play Cafe is Silver Design Award winner in 2023 - 2024 Interior Space and Exhibition Design Award Category.<\/li><li><a href=\"https:\/\/competition.adesignaward.com\/gooddesign.php?ID=156285\" target=\"_blank\" rel=\"noopener\">News Source<\/a><\/li><\/ul><\/div><\/div><\/div><\/div><div class=\"elementor-column elementor-col-50 elementor-top-column elementor-element elementor-element-2b90b46b animated fadeIn\" data-id=\"2b90b46b\" data-element_type=\"column\" data-settings=\"{&quot;background_background&quot;:&quot;classic&quot;,&quot;animation&quot;:&quot;fadeIn&quot;}\"><div class=\"elementor-widget-wrap elementor-element-populated\"><div class=\"elementor-element elementor-element-4ccd2cb elementor-widget elementor-widget-image\" data-id=\"4ccd2cb\" data-element_type=\"widget\" data-widget_type=\"image.default\"><div class=\"elementor-widget-container\"><a href=\"https:\/\/pinargorpeoglu.com\/wp-content\/uploads\/2024\/05\/A-Design-Award-and-Competition-Pinar-Gorpeoglu-Piccola-Play-Cafe.png\"><img decoding=\"async\" class=\"aligncenter wp-image-4220 size-full\" src=\"https:\/\/pinargorpeoglu.com\/wp-content\/uploads\/2024\/05\/A-Design-Award-and-Competition-Pinar-Gorpeoglu-Piccola-Play-Cafe-e1715858322237.png\" alt=\"\" width=\"547\" height=\"1578\" srcset=\"https:\/\/pinargorpeoglu.com\/wp-content\/uploads\/2024\/05\/A-Design-Award-and-Competition-Pinar-Gorpeoglu-Piccola-Play-Cafe-e1715858322237.png 547w, https:\/\/pinargorpeoglu.com\/wp-content\/uploads\/2024\/05\/A-Design-Award-and-Competition-Pinar-Gorpeoglu-Piccola-Play-Cafe-e1715858322237-104x300.png 104w, https:\/\/pinargorpeoglu.com\/wp-content\/uploads\/2024\/05\/A-Design-Award-and-Competition-Pinar-Gorpeoglu-Piccola-Play-Cafe-e1715858322237-355x1024.png 355w, https:\/\/pinargorpeoglu.com\/wp-content\/uploads\/2024\/05\/A-Design-Award-and-Competition-Pinar-Gorpeoglu-Piccola-Play-Cafe-e1715858322237-532x1536.png 532w, https:\/\/pinargorpeoglu.com\/wp-content\/uploads\/2024\/05\/A-Design-Award-and-Competition-Pinar-Gorpeoglu-Piccola-Play-Cafe-e1715858322237-4x12.png 4w\" sizes=\"(max-width: 547px) 100vw, 547px\" \/><\/a><\/div><div>\u00a0<\/div><\/div><\/div><\/div><\/div><\/div>\n\t\t\t\t\t\t\t\t\t<div class=\"elementor-tab-title elementor-tab-mobile-title\" aria-selected=\"false\" data-tab=\"2\" role=\"tab\" tabindex=\"-1\" aria-controls=\"elementor-tab-content-1162\" aria-expanded=\"false\">A' Design Award & Competition<\/div>\n\t\t\t\t\t<div id=\"elementor-tab-content-1162\" class=\"elementor-tab-content elementor-clearfix\" data-tab=\"2\" role=\"tabpanel\" aria-labelledby=\"elementor-tab-title-1162\" tabindex=\"0\" hidden=\"hidden\"><div class=\"elementor-container elementor-column-gap-wide\"><div class=\"elementor-column elementor-col-50 elementor-top-column elementor-element elementor-element-235da0ca\" data-id=\"235da0ca\" data-element_type=\"column\"><div class=\"elementor-widget-wrap elementor-element-populated\"><div class=\"elementor-element elementor-element-1a6d7272 elementor-widget elementor-widget-text-editor\" data-id=\"1a6d7272\" data-element_type=\"widget\" data-widget_type=\"text-editor.default\"><div class=\"elementor-widget-container\"><ul><li>Piccola Play Cafe is Silver Design Award winner in 2023 - 2024 Interior Space and Exhibition Design Award Category.<\/li><li><a href=\"https:\/\/competition.adesignaward.com\/design.php?ID=156285\" target=\"_blank\" rel=\"noopener\">News Source<\/a><\/li><\/ul><\/div><\/div><\/div><\/div><div class=\"elementor-column elementor-col-50 elementor-top-column elementor-element elementor-element-2b90b46b animated fadeIn\" data-id=\"2b90b46b\" data-element_type=\"column\" data-settings=\"{&quot;background_background&quot;:&quot;classic&quot;,&quot;animation&quot;:&quot;fadeIn&quot;}\"><div class=\"elementor-widget-wrap elementor-element-populated\"><div class=\"elementor-element elementor-element-4ccd2cb elementor-widget elementor-widget-image\" data-id=\"4ccd2cb\" data-element_type=\"widget\" data-widget_type=\"image.default\"><div><a href=\"https:\/\/pinargorpeoglu.com\/wp-content\/uploads\/2024\/05\/Piccola-Play-Cafe.png\"><img decoding=\"async\" class=\"aligncenter wp-image-4235 size-full\" src=\"https:\/\/pinargorpeoglu.com\/wp-content\/uploads\/2024\/05\/Piccola-Play-Cafe-e1715858157518.png\" alt=\"\" width=\"1018\" height=\"1300\" srcset=\"https:\/\/pinargorpeoglu.com\/wp-content\/uploads\/2024\/05\/Piccola-Play-Cafe-e1715858157518.png 1018w, https:\/\/pinargorpeoglu.com\/wp-content\/uploads\/2024\/05\/Piccola-Play-Cafe-e1715858157518-235x300.png 235w, https:\/\/pinargorpeoglu.com\/wp-content\/uploads\/2024\/05\/Piccola-Play-Cafe-e1715858157518-802x1024.png 802w, https:\/\/pinargorpeoglu.com\/wp-content\/uploads\/2024\/05\/Piccola-Play-Cafe-e1715858157518-768x981.png 768w, https:\/\/pinargorpeoglu.com\/wp-content\/uploads\/2024\/05\/Piccola-Play-Cafe-e1715858157518-9x12.png 9w\" sizes=\"(max-width: 1018px) 100vw, 1018px\" \/><\/a><\/div><div>\u00a0<\/div><\/div><\/div><\/div><\/div><\/div>\n\t\t\t\t\t\t\t\t\t<div class=\"elementor-tab-title elementor-tab-mobile-title\" aria-selected=\"false\" data-tab=\"3\" role=\"tab\" tabindex=\"-1\" aria-controls=\"elementor-tab-content-1163\" aria-expanded=\"false\">MOOD - Museum of Outstanding Design<\/div>\n\t\t\t\t\t<div id=\"elementor-tab-content-1163\" class=\"elementor-tab-content elementor-clearfix\" data-tab=\"3\" role=\"tabpanel\" aria-labelledby=\"elementor-tab-title-1163\" tabindex=\"0\" hidden=\"hidden\"><div class=\"elementor-container elementor-column-gap-wide\"><div class=\"elementor-column elementor-col-50 elementor-top-column elementor-element elementor-element-235da0ca\" data-id=\"235da0ca\" data-element_type=\"column\"><div class=\"elementor-widget-wrap elementor-element-populated\"><div class=\"elementor-element elementor-element-1a6d7272 elementor-widget elementor-widget-text-editor\" data-id=\"1a6d7272\" data-element_type=\"widget\" data-widget_type=\"text-editor.default\"><div class=\"elementor-widget-container\"><ul><li>P\u0131nar G\u00f6rpeo\u011flu was awarded the Silver Design Award in the 2023 - 2024 Interior and Exhibition Design Award\u00a0Category by A' Design Award &amp; Competition with her Piccola Play Cafe design.<\/li><li><a href=\"https:\/\/www.museumofdesign.com\/exhibition-item.php?ITEM=156285\" target=\"_blank\" rel=\"noopener\">News Source<\/a><\/li><\/ul><\/div><\/div><\/div><\/div><div class=\"elementor-column elementor-col-50 elementor-top-column elementor-element elementor-element-2b90b46b animated fadeIn\" data-id=\"2b90b46b\" data-element_type=\"column\" data-settings=\"{&quot;background_background&quot;:&quot;classic&quot;,&quot;animation&quot;:&quot;fadeIn&quot;}\"><div class=\"elementor-widget-wrap elementor-element-populated\"><div class=\"elementor-element elementor-element-4ccd2cb elementor-widget elementor-widget-image\" data-id=\"4ccd2cb\" data-element_type=\"widget\" data-widget_type=\"image.default\"><div class=\"elementor-widget-container\"><a href=\"https:\/\/pinargorpeoglu.com\/wp-content\/uploads\/2024\/05\/MOOD-Museum-of-Outstanding-Design.png\"><img loading=\"lazy\" decoding=\"async\" class=\"aligncenter wp-image-4243 size-full\" src=\"https:\/\/pinargorpeoglu.com\/wp-content\/uploads\/2024\/05\/MOOD-Museum-of-Outstanding-Design.png\" alt=\"\" width=\"1000\" height=\"1592\" srcset=\"https:\/\/pinargorpeoglu.com\/wp-content\/uploads\/2024\/05\/MOOD-Museum-of-Outstanding-Design.png 1000w, https:\/\/pinargorpeoglu.com\/wp-content\/uploads\/2024\/05\/MOOD-Museum-of-Outstanding-Design-188x300.png 188w, https:\/\/pinargorpeoglu.com\/wp-content\/uploads\/2024\/05\/MOOD-Museum-of-Outstanding-Design-643x1024.png 643w, https:\/\/pinargorpeoglu.com\/wp-content\/uploads\/2024\/05\/MOOD-Museum-of-Outstanding-Design-768x1223.png 768w, https:\/\/pinargorpeoglu.com\/wp-content\/uploads\/2024\/05\/MOOD-Museum-of-Outstanding-Design-965x1536.png 965w, https:\/\/pinargorpeoglu.com\/wp-content\/uploads\/2024\/05\/MOOD-Museum-of-Outstanding-Design-8x12.png 8w\" sizes=\"(max-width: 1000px) 100vw, 1000px\" \/><\/a><\/div><div>\u00a0<\/div><\/div><\/div><\/div><\/div><\/div>\n\t\t\t\t\t\t\t\t\t<div class=\"elementor-tab-title elementor-tab-mobile-title\" aria-selected=\"false\" data-tab=\"4\" role=\"tab\" tabindex=\"-1\" aria-controls=\"elementor-tab-content-1164\" aria-expanded=\"false\">Best Design Turkey<\/div>\n\t\t\t\t\t<div id=\"elementor-tab-content-1164\" class=\"elementor-tab-content elementor-clearfix\" data-tab=\"4\" role=\"tabpanel\" aria-labelledby=\"elementor-tab-title-1164\" tabindex=\"0\" hidden=\"hidden\"><div class=\"elementor-container elementor-column-gap-wide\"><div class=\"elementor-column elementor-col-50 elementor-top-column elementor-element elementor-element-235da0ca\" data-id=\"235da0ca\" data-element_type=\"column\"><div class=\"elementor-widget-wrap elementor-element-populated\"><div class=\"elementor-element elementor-element-1a6d7272 elementor-widget elementor-widget-text-editor\" data-id=\"1a6d7272\" data-element_type=\"widget\" data-widget_type=\"text-editor.default\"><div class=\"elementor-widget-container\"><ul><li>Designed by P\u0131nar G\u00f6rpeo\u011flu from Turkey, it was awarded a great interior award in 2024.<\/li><li><a href=\"https:\/\/bestdesignturkey.com\/?ID=156285\" target=\"_blank\" rel=\"noopener\">News Source<\/a><\/li><\/ul><\/div><\/div><\/div><\/div><div class=\"elementor-column elementor-col-50 elementor-top-column elementor-element elementor-element-2b90b46b animated fadeIn\" data-id=\"2b90b46b\" data-element_type=\"column\" data-settings=\"{&quot;background_background&quot;:&quot;classic&quot;,&quot;animation&quot;:&quot;fadeIn&quot;}\"><div class=\"elementor-widget-wrap elementor-element-populated\"><div class=\"elementor-element elementor-element-4ccd2cb elementor-widget elementor-widget-image\" data-id=\"4ccd2cb\" data-element_type=\"widget\" data-widget_type=\"image.default\"><div class=\"elementor-widget-container\"><a href=\"https:\/\/pinargorpeoglu.com\/wp-content\/uploads\/2024\/05\/Piccola-Play-Cafe-by-Pinar-Gorpeoglu-BEST-DESIGN-TURKEY.png\"><img loading=\"lazy\" decoding=\"async\" class=\"aligncenter wp-image-4231 size-full\" src=\"https:\/\/pinargorpeoglu.com\/wp-content\/uploads\/2024\/05\/Piccola-Play-Cafe-by-Pinar-Gorpeoglu-BEST-DESIGN-TURKEY-e1715857756831.png\" alt=\"\" width=\"900\" height=\"1681\" srcset=\"https:\/\/pinargorpeoglu.com\/wp-content\/uploads\/2024\/05\/Piccola-Play-Cafe-by-Pinar-Gorpeoglu-BEST-DESIGN-TURKEY-e1715857756831.png 900w, https:\/\/pinargorpeoglu.com\/wp-content\/uploads\/2024\/05\/Piccola-Play-Cafe-by-Pinar-Gorpeoglu-BEST-DESIGN-TURKEY-e1715857756831-161x300.png 161w, https:\/\/pinargorpeoglu.com\/wp-content\/uploads\/2024\/05\/Piccola-Play-Cafe-by-Pinar-Gorpeoglu-BEST-DESIGN-TURKEY-e1715857756831-548x1024.png 548w, https:\/\/pinargorpeoglu.com\/wp-content\/uploads\/2024\/05\/Piccola-Play-Cafe-by-Pinar-Gorpeoglu-BEST-DESIGN-TURKEY-e1715857756831-768x1434.png 768w, https:\/\/pinargorpeoglu.com\/wp-content\/uploads\/2024\/05\/Piccola-Play-Cafe-by-Pinar-Gorpeoglu-BEST-DESIGN-TURKEY-e1715857756831-822x1536.png 822w, https:\/\/pinargorpeoglu.com\/wp-content\/uploads\/2024\/05\/Piccola-Play-Cafe-by-Pinar-Gorpeoglu-BEST-DESIGN-TURKEY-e1715857756831-6x12.png 6w\" sizes=\"(max-width: 900px) 100vw, 900px\" \/><\/a><\/div><div>\u00a0<\/div><\/div><\/div><\/div><\/div><\/div>\n\t\t\t\t\t\t\t\t\t<div class=\"elementor-tab-title elementor-tab-mobile-title\" aria-selected=\"false\" data-tab=\"5\" role=\"tab\" tabindex=\"-1\" aria-controls=\"elementor-tab-content-1165\" aria-expanded=\"false\">Design Magazine<\/div>\n\t\t\t\t\t<div id=\"elementor-tab-content-1165\" class=\"elementor-tab-content elementor-clearfix\" data-tab=\"5\" role=\"tabpanel\" aria-labelledby=\"elementor-tab-title-1165\" tabindex=\"0\" hidden=\"hidden\"><div class=\"elementor-container elementor-column-gap-wide\"><div class=\"elementor-column elementor-col-50 elementor-top-column elementor-element elementor-element-235da0ca\" data-id=\"235da0ca\" data-element_type=\"column\"><div class=\"elementor-widget-wrap elementor-element-populated\"><div class=\"elementor-element elementor-element-1a6d7272 elementor-widget elementor-widget-text-editor\" data-id=\"1a6d7272\" data-element_type=\"widget\" data-widget_type=\"text-editor.default\"><div class=\"elementor-widget-container\"><ul><li>Designed by\u00a0P\u0131nar G\u00f6rpeo\u011flu from Turkey, it was awarded a great interior award in 2024.<\/li><li><a href=\"https:\/\/designmag.org\/?D=156285\" target=\"_blank\" rel=\"noopener\">News Source<\/a><\/li><\/ul><\/div><\/div><\/div><\/div><div class=\"elementor-column elementor-col-50 elementor-top-column elementor-element elementor-element-2b90b46b animated fadeIn\" data-id=\"2b90b46b\" data-element_type=\"column\" data-settings=\"{&quot;background_background&quot;:&quot;classic&quot;,&quot;animation&quot;:&quot;fadeIn&quot;}\"><div class=\"elementor-widget-wrap elementor-element-populated\"><div class=\"elementor-element elementor-element-4ccd2cb elementor-widget elementor-widget-image\" data-id=\"4ccd2cb\" data-element_type=\"widget\" data-widget_type=\"image.default\"><div class=\"elementor-widget-container\"><a href=\"https:\/\/pinargorpeoglu.com\/wp-content\/uploads\/2024\/05\/MOOD-Museum-of-Outstanding-Design-1.png\"><img loading=\"lazy\" decoding=\"async\" class=\"aligncenter wp-image-4244 size-full\" src=\"https:\/\/pinargorpeoglu.com\/wp-content\/uploads\/2024\/05\/MOOD-Museum-of-Outstanding-Design-1.png\" alt=\"\" width=\"496\" height=\"1122\" srcset=\"https:\/\/pinargorpeoglu.com\/wp-content\/uploads\/2024\/05\/MOOD-Museum-of-Outstanding-Design-1.png 496w, https:\/\/pinargorpeoglu.com\/wp-content\/uploads\/2024\/05\/MOOD-Museum-of-Outstanding-Design-1-133x300.png 133w, https:\/\/pinargorpeoglu.com\/wp-content\/uploads\/2024\/05\/MOOD-Museum-of-Outstanding-Design-1-453x1024.png 453w, https:\/\/pinargorpeoglu.com\/wp-content\/uploads\/2024\/05\/MOOD-Museum-of-Outstanding-Design-1-5x12.png 5w\" sizes=\"(max-width: 496px) 100vw, 496px\" \/><\/a><\/div><div>\u00a0<\/div><div>\u00a0<\/div><\/div><\/div><\/div><\/div><\/div>\n\t\t\t\t\t\t\t<\/div>\n\t\t<\/div>\n\t\t\t\t<\/div>\n\t\t\t\t<\/div>\n\t\t\t\t\t<\/div>\n\t\t<\/div>\n\t\t\t\t\t<\/div>\n\t\t<\/section>\n\t\t\t\t<\/div>","protected":false},"excerpt":{"rendered":"<p>Bas\u0131n Haberleri A&#8217; Design Award &#038; Competition A&#8217; Design Award &#038; Competition MOOD &#8211; Museum of Outstanding Design Best Design Turkey Design Magazine A&#8217; Design Award &#038; Competition Piccola Play Cafe, 2023 &#8211; 2024 \u0130\u00e7 Mekan ve Sergi Tasar\u0131m\u0131 \u00d6d\u00fcl\u00fc Kategorisinde G\u00fcm\u00fc\u015f Tasar\u0131m \u00d6d\u00fcl\u00fc sahibidir. Haber Kayna\u011f\u0131 \u00a0 A&#8217; Design Award &#038; Competition Piccola Play [&hellip;]<\/p>","protected":false},"author":1,"featured_media":0,"parent":0,"menu_order":0,"comment_status":"closed","ping_status":"closed","template":"","meta":{"footnotes":""},"class_list":["post-4211","page","type-page","status-publish","hentry"],"_links":{"self":[{"href":"http:\/\/pinargorpeoglu.com\/en\/wp-json\/wp\/v2\/pages\/4211","targetHints":{"allow":["GET"]}}],"collection":[{"href":"http:\/\/pinargorpeoglu.com\/en\/wp-json\/wp\/v2\/pages"}],"about":[{"href":"http:\/\/pinargorpeoglu.com\/en\/wp-json\/wp\/v2\/types\/page"}],"author":[{"embeddable":true,"href":"http:\/\/pinargorpeoglu.com\/en\/wp-json\/wp\/v2\/users\/1"}],"replies":[{"embeddable":true,"href":"http:\/\/pinargorpeoglu.com\/en\/wp-json\/wp\/v2\/comments?post=4211"}],"version-history":[{"count":52,"href":"http:\/\/pinargorpeoglu.com\/en\/wp-json\/wp\/v2\/pages\/4211\/revisions"}],"predecessor-version":[{"id":4274,"href":"http:\/\/pinargorpeoglu.com\/en\/wp-json\/wp\/v2\/pages\/4211\/revisions\/4274"}],"wp:attachment":[{"href":"http:\/\/pinargorpeoglu.com\/en\/wp-json\/wp\/v2\/media?parent=4211"}],"curies":[{"name":"wp","href":"https:\/\/api.w.org\/{rel}","templated":true}]}}