{"id":3572,"date":"2021-05-17T14:07:24","date_gmt":"2021-05-17T14:07:24","guid":{"rendered":"https:\/\/pinargorpeoglu.com\/?page_id=3572"},"modified":"2021-05-17T15:42:44","modified_gmt":"2021-05-17T15:42:44","slug":"hizmetler","status":"publish","type":"page","link":"http:\/\/pinargorpeoglu.com\/en\/hizmetler\/","title":{"rendered":"Services"},"content":{"rendered":"<div data-elementor-type=\"wp-page\" data-elementor-id=\"3572\" class=\"elementor elementor-3572\" data-elementor-post-type=\"page\">\n\t\t\t\t\t\t<section class=\"elementor-section elementor-top-section elementor-element elementor-element-78b8881 elementor-section-full_width elementor-section-height-default elementor-section-height-default\" data-id=\"78b8881\" data-element_type=\"section\" data-settings=\"{&quot;background_background&quot;:&quot;classic&quot;}\">\n\t\t\t\t\t\t<div class=\"elementor-container elementor-column-gap-no\">\n\t\t\t\t\t<div class=\"elementor-column elementor-col-33 elementor-top-column elementor-element elementor-element-9a71d53 elementor-hidden-phone\" data-id=\"9a71d53\" data-element_type=\"column\">\n\t\t\t<div class=\"elementor-widget-wrap\">\n\t\t\t\t\t\t\t<\/div>\n\t\t<\/div>\n\t\t\t\t<div class=\"elementor-column elementor-col-33 elementor-top-column elementor-element elementor-element-ebdcbe9\" data-id=\"ebdcbe9\" data-element_type=\"column\">\n\t\t\t<div class=\"elementor-widget-wrap elementor-element-populated\">\n\t\t\t\t\t\t<div class=\"elementor-element elementor-element-4c72bc1 elementor-widget elementor-widget-heading\" data-id=\"4c72bc1\" data-element_type=\"widget\" data-widget_type=\"heading.default\">\n\t\t\t\t<div class=\"elementor-widget-container\">\n\t\t\t<h1 class=\"elementor-heading-title elementor-size-default\">Services<\/h1>\t\t<\/div>\n\t\t\t\t<\/div>\n\t\t\t\t\t<\/div>\n\t\t<\/div>\n\t\t\t\t<div class=\"elementor-column elementor-col-33 elementor-top-column elementor-element elementor-element-22683a5 elementor-hidden-phone\" data-id=\"22683a5\" data-element_type=\"column\">\n\t\t\t<div class=\"elementor-widget-wrap\">\n\t\t\t\t\t\t\t<\/div>\n\t\t<\/div>\n\t\t\t\t\t<\/div>\n\t\t<\/section>\n\t\t\t\t<section class=\"elementor-section elementor-top-section elementor-element elementor-element-ec2dbd4 elementor-section-full_width elementor-hidden-phone elementor-section-height-default elementor-section-height-default\" data-id=\"ec2dbd4\" data-element_type=\"section\">\n\t\t\t\t\t\t<div class=\"elementor-container elementor-column-gap-no\">\n\t\t\t\t\t<div class=\"elementor-column elementor-col-100 elementor-top-column elementor-element elementor-element-e650842\" data-id=\"e650842\" data-element_type=\"column\">\n\t\t\t<div class=\"elementor-widget-wrap elementor-element-populated\">\n\t\t\t\t\t\t<div class=\"elementor-element elementor-element-d67a19b elementor-widget elementor-widget-image\" data-id=\"d67a19b\" data-element_type=\"widget\" data-widget_type=\"image.default\">\n\t\t\t\t<div class=\"elementor-widget-container\">\n\t\t\t\t\t\t\t\t\t\t\t\t\t<img fetchpriority=\"high\" decoding=\"async\" width=\"1000\" height=\"660\" src=\"https:\/\/pinargorpeoglu.com\/wp-content\/uploads\/2021\/05\/8-5.jpg\" class=\"attachment-full size-full wp-image-3252\" alt=\"\u00d6rnek Daire Projesi - P\u0131nar G\u00f6rpeo\u011flu\" srcset=\"https:\/\/pinargorpeoglu.com\/wp-content\/uploads\/2021\/05\/8-5.jpg 1000w, https:\/\/pinargorpeoglu.com\/wp-content\/uploads\/2021\/05\/8-5-300x198.jpg 300w, https:\/\/pinargorpeoglu.com\/wp-content\/uploads\/2021\/05\/8-5-768x507.jpg 768w\" sizes=\"(max-width: 1000px) 100vw, 1000px\" \/>\t\t\t\t\t\t\t\t\t\t\t\t\t<\/div>\n\t\t\t\t<\/div>\n\t\t\t\t\t<\/div>\n\t\t<\/div>\n\t\t\t\t\t<\/div>\n\t\t<\/section>\n\t\t\t\t<section class=\"elementor-section elementor-top-section elementor-element elementor-element-dcb9166 elementor-section-boxed elementor-section-height-default elementor-section-height-default\" data-id=\"dcb9166\" data-element_type=\"section\">\n\t\t\t\t\t\t<div class=\"elementor-container elementor-column-gap-default\">\n\t\t\t\t\t<div class=\"elementor-column elementor-col-100 elementor-top-column elementor-element elementor-element-4111d91\" data-id=\"4111d91\" data-element_type=\"column\">\n\t\t\t<div class=\"elementor-widget-wrap elementor-element-populated\">\n\t\t\t\t\t\t<div class=\"elementor-element elementor-element-6ec8e87 elementor-tabs-view-vertical elementor-widget elementor-widget-tabs\" data-id=\"6ec8e87\" data-element_type=\"widget\" data-widget_type=\"tabs.default\">\n\t\t\t\t<div class=\"elementor-widget-container\">\n\t\t\t\t\t<div class=\"elementor-tabs\">\n\t\t\t<div class=\"elementor-tabs-wrapper\" role=\"tablist\" >\n\t\t\t\t\t\t\t\t\t<div id=\"elementor-tab-title-1161\" class=\"elementor-tab-title elementor-tab-desktop-title\" aria-selected=\"true\" data-tab=\"1\" role=\"tab\" tabindex=\"0\" aria-controls=\"elementor-tab-content-1161\" aria-expanded=\"false\">Architectural Design<br> and Project Planning<\/div>\n\t\t\t\t\t\t\t\t\t<div id=\"elementor-tab-title-1162\" class=\"elementor-tab-title elementor-tab-desktop-title\" aria-selected=\"false\" data-tab=\"2\" role=\"tab\" tabindex=\"-1\" aria-controls=\"elementor-tab-content-1162\" aria-expanded=\"false\">Interior Architectural Design<br> and Project Planning<\/div>\n\t\t\t\t\t\t\t\t\t<div id=\"elementor-tab-title-1163\" class=\"elementor-tab-title elementor-tab-desktop-title\" aria-selected=\"false\" data-tab=\"3\" role=\"tab\" tabindex=\"-1\" aria-controls=\"elementor-tab-content-1163\" aria-expanded=\"false\">Dream Room<br>Single Space Design<\/div>\n\t\t\t\t\t\t\t\t\t<div id=\"elementor-tab-title-1164\" class=\"elementor-tab-title elementor-tab-desktop-title\" aria-selected=\"false\" data-tab=\"4\" role=\"tab\" tabindex=\"-1\" aria-controls=\"elementor-tab-content-1164\" aria-expanded=\"false\">Application<\/div>\n\t\t\t\t\t\t\t<\/div>\n\t\t\t<div class=\"elementor-tabs-content-wrapper\" role=\"tablist\" aria-orientation=\"vertical\">\n\t\t\t\t\t\t\t\t\t<div class=\"elementor-tab-title elementor-tab-mobile-title\" aria-selected=\"true\" data-tab=\"1\" role=\"tab\" tabindex=\"0\" aria-controls=\"elementor-tab-content-1161\" aria-expanded=\"false\">Architectural Design<br> and Project Planning<\/div>\n\t\t\t\t\t<div id=\"elementor-tab-content-1161\" class=\"elementor-tab-content elementor-clearfix\" data-tab=\"1\" role=\"tabpanel\" aria-labelledby=\"elementor-tab-title-1161\" tabindex=\"0\" hidden=\"false\"><div class=\"elementor-container elementor-column-gap-wide\">\n<div class=\"elementor-column elementor-col-50 elementor-top-column elementor-element elementor-element-235da0ca\" data-id=\"235da0ca\" data-element_type=\"column\">\n<div class=\"elementor-widget-wrap elementor-element-populated\">\n<div class=\"elementor-element elementor-element-1a6d7272 elementor-widget elementor-widget-text-editor\" data-id=\"1a6d7272\" data-element_type=\"widget\" data-widget_type=\"text-editor.default\">\n<div class=\"elementor-widget-container\">\n<ul>\n \t<li>Concept Design<\/li>\n \t<li>Preliminary Project Drawing<\/li>\n \t<li>License Project Drawing<\/li>\n \t<li>Application Project Drawing<\/li>\n<\/ul>\n<\/div>\n<\/div>\n<\/div>\n<\/div>\n<div class=\"elementor-column elementor-col-50 elementor-top-column elementor-element elementor-element-2b90b46b animated fadeIn\" data-id=\"2b90b46b\" data-element_type=\"column\" data-settings=\"{&quot;background_background&quot;:&quot;classic&quot;,&quot;animation&quot;:&quot;fadeIn&quot;}\">\n<div class=\"elementor-widget-wrap elementor-element-populated\">\n<div class=\"elementor-element elementor-element-4ccd2cb elementor-widget elementor-widget-image\" data-id=\"4ccd2cb\" data-element_type=\"widget\" data-widget_type=\"image.default\">\n<div class=\"elementor-widget-container\"><img decoding=\"async\" class=\"attachment-full size-full\" src=\"https:\/\/pinargorpeoglu.com\/wp-content\/uploads\/2021\/05\/insta8.jpg\" sizes=\"(max-width: 400px) 100vw, 400px\" srcset=\"https:\/\/pinargorpeoglu.com\/wp-content\/uploads\/2021\/05\/insta8.jpg 400w, https:\/\/pinargorpeoglu.com\/wp-content\/uploads\/2021\/05\/insta8.jpg 187w\" alt=\"P\u0131nar G\u00f6rpeo\u011flu\" width=\"400\" height=\"642\" data-wp-editing=\"1\" \/><\/div>\n<\/div>\n<\/div>\n<\/div>\n<\/div><\/div>\n\t\t\t\t\t\t\t\t\t<div class=\"elementor-tab-title elementor-tab-mobile-title\" aria-selected=\"false\" data-tab=\"2\" role=\"tab\" tabindex=\"-1\" aria-controls=\"elementor-tab-content-1162\" aria-expanded=\"false\">Interior Architectural Design<br> and Project Planning<\/div>\n\t\t\t\t\t<div id=\"elementor-tab-content-1162\" class=\"elementor-tab-content elementor-clearfix\" data-tab=\"2\" role=\"tabpanel\" aria-labelledby=\"elementor-tab-title-1162\" tabindex=\"0\" hidden=\"hidden\"><div class=\"elementor-container elementor-column-gap-wide\"><div class=\"elementor-column elementor-col-50 elementor-top-column elementor-element elementor-element-235da0ca\" data-id=\"235da0ca\" data-element_type=\"column\"><div class=\"elementor-widget-wrap elementor-element-populated\"><div class=\"elementor-element elementor-element-1a6d7272 elementor-widget elementor-widget-text-editor\" data-id=\"1a6d7272\" data-element_type=\"widget\" data-widget_type=\"text-editor.default\"><div class=\"elementor-widget-container\"><ul><li>Concept Design<\/li><li>Application Project Drawing<\/li><\/ul><\/div><\/div><\/div><\/div><div class=\"elementor-column elementor-col-50 elementor-top-column elementor-element elementor-element-2b90b46b animated fadeIn\" data-id=\"2b90b46b\" data-element_type=\"column\" data-settings=\"{&quot;background_background&quot;:&quot;classic&quot;,&quot;animation&quot;:&quot;fadeIn&quot;}\"><div class=\"elementor-widget-wrap elementor-element-populated\"><div class=\"elementor-element elementor-element-4ccd2cb elementor-widget elementor-widget-image\" data-id=\"4ccd2cb\" data-element_type=\"widget\" data-widget_type=\"image.default\"><div class=\"elementor-widget-container\"><img decoding=\"async\" class=\"attachment-full size-full\" src=\"https:\/\/pinargorpeoglu.com\/wp-content\/uploads\/2021\/05\/insta1.jpg\" sizes=\"(max-width: 400px) 100vw, 400px\" srcset=\"https:\/\/pinargorpeoglu.com\/wp-content\/uploads\/2021\/05\/insta1.jpg 400w, https:\/\/pinargorpeoglu.com\/wp-content\/uploads\/2021\/05\/insta1.jpg 187w\" alt=\"P\u0131nar G\u00f6rpeo\u011flu\" width=\"400\" height=\"642\" data-wp-editing=\"1\" \/><\/div><\/div><\/div><\/div><\/div><\/div>\n\t\t\t\t\t\t\t\t\t<div class=\"elementor-tab-title elementor-tab-mobile-title\" aria-selected=\"false\" data-tab=\"3\" role=\"tab\" tabindex=\"-1\" aria-controls=\"elementor-tab-content-1163\" aria-expanded=\"false\">Dream Room<br>Single Space Design<\/div>\n\t\t\t\t\t<div id=\"elementor-tab-content-1163\" class=\"elementor-tab-content elementor-clearfix\" data-tab=\"3\" role=\"tabpanel\" aria-labelledby=\"elementor-tab-title-1163\" tabindex=\"0\" hidden=\"hidden\"><div class=\"elementor-container elementor-column-gap-wide\"><div class=\"elementor-column elementor-col-50 elementor-top-column elementor-element elementor-element-235da0ca\" data-id=\"235da0ca\" data-element_type=\"column\"><div class=\"elementor-widget-wrap elementor-element-populated\"><div class=\"elementor-element elementor-element-1a6d7272 elementor-widget elementor-widget-text-editor\" data-id=\"1a6d7272\" data-element_type=\"widget\" data-widget_type=\"text-editor.default\"><div class=\"elementor-widget-container\"><ul><li>Concept Design<\/li><li>Application Project Drawing<\/li><\/ul><\/div><\/div><\/div><\/div><div class=\"elementor-column elementor-col-50 elementor-top-column elementor-element elementor-element-2b90b46b animated fadeIn\" data-id=\"2b90b46b\" data-element_type=\"column\" data-settings=\"{&quot;background_background&quot;:&quot;classic&quot;,&quot;animation&quot;:&quot;fadeIn&quot;}\"><div class=\"elementor-widget-wrap elementor-element-populated\"><div class=\"elementor-element elementor-element-4ccd2cb elementor-widget elementor-widget-image\" data-id=\"4ccd2cb\" data-element_type=\"widget\" data-widget_type=\"image.default\"><div class=\"elementor-widget-container\"><img loading=\"lazy\" decoding=\"async\" class=\"attachment-full size-full\" src=\"https:\/\/pinargorpeoglu.com\/wp-content\/uploads\/2021\/05\/insta4.jpg\" sizes=\"(max-width: 400px) 100vw, 400px\" srcset=\"https:\/\/pinargorpeoglu.com\/wp-content\/uploads\/2021\/05\/insta4.jpg 400w, https:\/\/pinargorpeoglu.com\/wp-content\/uploads\/2021\/05\/insta4.jpg 187w\" alt=\"P\u0131nar G\u00f6rpeo\u011flu\" width=\"400\" height=\"642\" data-wp-editing=\"1\" \/><\/div><\/div><\/div><\/div><\/div><\/div>\n\t\t\t\t\t\t\t\t\t<div class=\"elementor-tab-title elementor-tab-mobile-title\" aria-selected=\"false\" data-tab=\"4\" role=\"tab\" tabindex=\"-1\" aria-controls=\"elementor-tab-content-1164\" aria-expanded=\"false\">Application<\/div>\n\t\t\t\t\t<div id=\"elementor-tab-content-1164\" class=\"elementor-tab-content elementor-clearfix\" data-tab=\"4\" role=\"tabpanel\" aria-labelledby=\"elementor-tab-title-1164\" tabindex=\"0\" hidden=\"hidden\"><div class=\"elementor-container elementor-column-gap-wide\"><div class=\"elementor-column elementor-col-50 elementor-top-column elementor-element elementor-element-235da0ca\" data-id=\"235da0ca\" data-element_type=\"column\"><div class=\"elementor-widget-wrap elementor-element-populated\"><div class=\"elementor-element elementor-element-1a6d7272 elementor-widget elementor-widget-text-editor\" data-id=\"1a6d7272\" data-element_type=\"widget\" data-widget_type=\"text-editor.default\"><div class=\"elementor-widget-container\"><ul><li>Turnkey Application Works<\/li><li>Construction Site Supervisor<\/li><li>Controllership<\/li><\/ul><p>\u00a0<\/p><\/div><\/div><\/div><\/div><div class=\"elementor-column elementor-col-50 elementor-top-column elementor-element elementor-element-2b90b46b animated fadeIn\" data-id=\"2b90b46b\" data-element_type=\"column\" data-settings=\"{&quot;background_background&quot;:&quot;classic&quot;,&quot;animation&quot;:&quot;fadeIn&quot;}\"><div class=\"elementor-widget-wrap elementor-element-populated\"><div class=\"elementor-element elementor-element-4ccd2cb elementor-widget elementor-widget-image\" data-id=\"4ccd2cb\" data-element_type=\"widget\" data-widget_type=\"image.default\"><div class=\"elementor-widget-container\"><img loading=\"lazy\" decoding=\"async\" class=\"attachment-full size-full\" src=\"https:\/\/pinargorpeoglu.com\/wp-content\/uploads\/2021\/05\/insta3.jpg\" sizes=\"(max-width: 400px) 100vw, 400px\" srcset=\"https:\/\/pinargorpeoglu.com\/wp-content\/uploads\/2021\/05\/insta3.jpg 400w, https:\/\/pinargorpeoglu.com\/wp-content\/uploads\/2021\/05\/insta3.jpg 187w\" alt=\"P\u0131nar G\u00f6rpeo\u011flu\" width=\"400\" height=\"642\" data-wp-editing=\"1\" \/><\/div><\/div><\/div><\/div><\/div><\/div>\n\t\t\t\t\t\t\t<\/div>\n\t\t<\/div>\n\t\t\t\t<\/div>\n\t\t\t\t<\/div>\n\t\t\t\t\t<\/div>\n\t\t<\/div>\n\t\t\t\t\t<\/div>\n\t\t<\/section>\n\t\t\t\t<\/div>","protected":false},"excerpt":{"rendered":"<p>Hizmetler Mimari Tasar\u0131m Ve Projelendirme \u0130\u00e7 Mimari Tasar\u0131m Ve Projelendirme Dream RoomTek Mek\u00e2n Tasar\u0131m\u0131 Uygulama Mimari Tasar\u0131m Ve Projelendirme Konsept Tasar\u0131m Avan Proje \u00c7izimi Ruhsat Projesi \u00c7izimi Uygulama Projesi \u00c7izimi \u0130\u00e7 Mimari Tasar\u0131m Ve Projelendirme Konsept Tasar\u0131m Uygulama Projesi \u00c7izimi Dream RoomTek Mek\u00e2n Tasar\u0131m\u0131 Konsept Tasar\u0131m Uygulama Projesi \u00c7izimi Uygulama Anahtar Teslim Uygulama \u0130\u015fleri \u015eantiye [&hellip;]<\/p>","protected":false},"author":1,"featured_media":0,"parent":0,"menu_order":0,"comment_status":"closed","ping_status":"closed","template":"","meta":{"footnotes":""},"class_list":["post-3572","page","type-page","status-publish","hentry"],"_links":{"self":[{"href":"http:\/\/pinargorpeoglu.com\/en\/wp-json\/wp\/v2\/pages\/3572","targetHints":{"allow":["GET"]}}],"collection":[{"href":"http:\/\/pinargorpeoglu.com\/en\/wp-json\/wp\/v2\/pages"}],"about":[{"href":"http:\/\/pinargorpeoglu.com\/en\/wp-json\/wp\/v2\/types\/page"}],"author":[{"embeddable":true,"href":"http:\/\/pinargorpeoglu.com\/en\/wp-json\/wp\/v2\/users\/1"}],"replies":[{"embeddable":true,"href":"http:\/\/pinargorpeoglu.com\/en\/wp-json\/wp\/v2\/comments?post=3572"}],"version-history":[{"count":0,"href":"http:\/\/pinargorpeoglu.com\/en\/wp-json\/wp\/v2\/pages\/3572\/revisions"}],"wp:attachment":[{"href":"http:\/\/pinargorpeoglu.com\/en\/wp-json\/wp\/v2\/media?parent=3572"}],"curies":[{"name":"wp","href":"https:\/\/api.w.org\/{rel}","templated":true}]}}