{"id":2947,"date":"2021-05-16T09:29:21","date_gmt":"2021-05-16T09:29:21","guid":{"rendered":"https:\/\/pinargorpeoglu.com\/?page_id=2947"},"modified":"2021-05-17T08:04:16","modified_gmt":"2021-05-17T08:04:16","slug":"cocuk-alanlari","status":"publish","type":"page","link":"http:\/\/pinargorpeoglu.com\/en\/cocuk-alanlari\/","title":{"rendered":"Kids Areas"},"content":{"rendered":"<div data-elementor-type=\"wp-page\" data-elementor-id=\"2947\" class=\"elementor elementor-2947\" data-elementor-post-type=\"page\">\n\t\t\t\t\t\t<section class=\"elementor-section elementor-top-section elementor-element elementor-element-78b8881 elementor-section-full_width elementor-section-height-default elementor-section-height-default\" data-id=\"78b8881\" data-element_type=\"section\" data-settings=\"{&quot;background_background&quot;:&quot;classic&quot;}\">\n\t\t\t\t\t\t<div class=\"elementor-container elementor-column-gap-no\">\n\t\t\t\t\t<div class=\"elementor-column elementor-col-33 elementor-top-column elementor-element elementor-element-9a71d53\" data-id=\"9a71d53\" data-element_type=\"column\">\n\t\t\t<div class=\"elementor-widget-wrap\">\n\t\t\t\t\t\t\t<\/div>\n\t\t<\/div>\n\t\t\t\t<div class=\"elementor-column elementor-col-33 elementor-top-column elementor-element elementor-element-ebdcbe9\" data-id=\"ebdcbe9\" data-element_type=\"column\">\n\t\t\t<div class=\"elementor-widget-wrap elementor-element-populated\">\n\t\t\t\t\t\t<div class=\"elementor-element elementor-element-4c72bc1 elementor-widget elementor-widget-heading\" data-id=\"4c72bc1\" data-element_type=\"widget\" data-widget_type=\"heading.default\">\n\t\t\t\t<div class=\"elementor-widget-container\">\n\t\t\t<h1 class=\"elementor-heading-title elementor-size-default\">Kids Areas<\/h1>\t\t<\/div>\n\t\t\t\t<\/div>\n\t\t\t\t<div class=\"elementor-element elementor-element-aa1bd85 elementor-widget elementor-widget-spacer\" data-id=\"aa1bd85\" data-element_type=\"widget\" data-widget_type=\"spacer.default\">\n\t\t\t\t<div class=\"elementor-widget-container\">\n\t\t\t\t\t<div class=\"elementor-spacer\">\n\t\t\t<div class=\"elementor-spacer-inner\"><\/div>\n\t\t<\/div>\n\t\t\t\t<\/div>\n\t\t\t\t<\/div>\n\t\t\t\t\t<\/div>\n\t\t<\/div>\n\t\t\t\t<div class=\"elementor-column elementor-col-33 elementor-top-column elementor-element elementor-element-22683a5\" data-id=\"22683a5\" data-element_type=\"column\">\n\t\t\t<div class=\"elementor-widget-wrap\">\n\t\t\t\t\t\t\t<\/div>\n\t\t<\/div>\n\t\t\t\t\t<\/div>\n\t\t<\/section>\n\t\t\t\t<section class=\"elementor-section elementor-top-section elementor-element elementor-element-d9121e6 elementor-section-full_width elementor-section-height-default elementor-section-height-default\" data-id=\"d9121e6\" data-element_type=\"section\">\n\t\t\t\t\t\t<div class=\"elementor-container elementor-column-gap-no\">\n\t\t\t\t\t<div class=\"elementor-column elementor-col-33 elementor-top-column elementor-element elementor-element-9fa1731\" data-id=\"9fa1731\" data-element_type=\"column\">\n\t\t\t<div class=\"elementor-widget-wrap\">\n\t\t\t\t\t\t\t<\/div>\n\t\t<\/div>\n\t\t\t\t<div class=\"elementor-column elementor-col-33 elementor-top-column elementor-element elementor-element-8fb3baf\" data-id=\"8fb3baf\" data-element_type=\"column\">\n\t\t\t<div class=\"elementor-widget-wrap elementor-element-populated\">\n\t\t\t\t\t\t<div class=\"elementor-element elementor-element-2eee9b4 elementor-widget elementor-widget-uael-posts\" data-id=\"2eee9b4\" data-element_type=\"widget\" data-settings=\"{&quot;classic_slides_to_show&quot;:2,&quot;classic_slides_to_show_tablet&quot;:2,&quot;classic_slides_to_show_mobile&quot;:1}\" data-widget_type=\"uael-posts.classic\">\n\t\t\t\t<div class=\"elementor-widget-container\">\n\t\t\t\t\t<div class=\"uael-post__header\">\n\t\t\t\t\t<\/div>\n\t\t<div class=\"uael-post__body\">\n\t\t\t\n\t\t\n\t\t<div class=\"uael-blog-terms-position-above_content uael-post-image-top uael-post-grid uael-posts\" data-query-type=\"custom\" data-structure=\"normal\" data-layout=\"\" data-page=\"2947\" data-skin=\"classic\" data-filter-default=\"\" data-offset-top=\"30\" >\n\n\t\t\t\t\t\t\t<div class=\"uael-post-grid__inner uael-post__columns-2 uael-post__columns-tablet-2 uael-post__columns-mobile-1 uael-post-infinite-scroll uael-post-infinite__event-scroll\">\n\t\t\t\n<div class=\"uael-post-wrapper   \u00c7ocuk-alanlar\u0131 ticari-projeler\">\n\t<div class=\"uael-post__bg-wrap uael-bg-wrap-disabled\">\n\n\t\t\t\t\n\t\t<div class=\"uael-post__inner-wrap uael-inner-wrap-disabled\">\n\n\t\t\t\t<div class=\"uael-post__thumbnail\">\n\t\t\t\n\t\t\t<a href=\"http:\/\/pinargorpeoglu.com\/en\/piccola-play-cafe-projesi\/\" target=\"_self\" title=\"Piccola Play Cafe Project\"><img decoding=\"async\" src=\"https:\/\/pinargorpeoglu.com\/wp-content\/uploads\/elementor\/thumbs\/Piccola-Play-Cafe-01-qf1ze1v1441r0ryy9n0lx5c86ej2cmkr0t3jwqc5qk.jpg\" title=\"Piccola Play Cafe\" alt=\"Piccola Play Cafe\" loading=\"lazy\" \/><\/a>\n\t\t\t\t\t<\/div>\n\t\t\n\t\t\t\n\t\t\t<div class=\"uael-post__content-wrap uael-content-wrap-disabled\">\n\t\t\t\t\t\t\t<div class=\"uael-post__terms-wrap\"><span class=\"uael-post__terms\"><span class=\"uael-listing__terms-link\">Kids Areas<\/span><span class=\"uael-listing__terms-link\">Commercial Projects<\/span><\/span><\/div>\n\t\t\t\t\t\t<h3 class=\"uael-post__title translation-block\">Piccola Play Cafe <br> Project<\/h3>\n\t\t\t\t\t<a class=\"uael-post__read-more elementor-button\" href=\"http:\/\/pinargorpeoglu.com\/en\/piccola-play-cafe-projesi\/\" target=\"_self\" aria-labelledby=\"uael-post-4086\">\n\t\t\t\t\t<span class=\"elementor-button-content-wrapper\">\n\t\t\t\t\t\t\t\t\t\t\t\t\t\t<span class=\"elementor-button-icon elementor-align-icon-left\">\n\n\t\t\t\t\t\t\t\t\t\n\t\t\t\t\t\t\t\t<\/span>\n\t\t\t\t\t\t\t\t\t\t\t\t\t\n\t\t\t\t\t\t<span class=\"elementor-button-text\" id=\"uael-post-4086\">Details from our project \u2192<\/span>\n\t\t\t\t\t<\/span>\n\t\t\t\t<\/a>\n\t\t\t\t\t\t<\/div>\n\t\t\t\n\t\t<\/div>\n\t\t\n\t<\/div>\n\n<\/div>\n\n<div class=\"uael-post-wrapper   \u00c7ocuk-alanlar\u0131 ticari-projeler\">\n\t<div class=\"uael-post__bg-wrap uael-bg-wrap-disabled\">\n\n\t\t\t\t\n\t\t<div class=\"uael-post__inner-wrap uael-inner-wrap-disabled\">\n\n\t\t\t\t<div class=\"uael-post__thumbnail\">\n\t\t\t\n\t\t\t<a href=\"http:\/\/pinargorpeoglu.com\/en\/bubu-kids-club-projesi\/\" target=\"_self\" title=\"Bubu Kids Club Project\"><img decoding=\"async\" src=\"https:\/\/pinargorpeoglu.com\/wp-content\/uploads\/elementor\/thumbs\/Bubu-Kids-Club-06-qf1z4uzuafgti1bjxnzxjgtz2rtv3638fbgmzbyqks.jpg\" title=\"Bubu Kids Club\" alt=\"Bubu Kids Club\" loading=\"lazy\" \/><\/a>\n\t\t\t\t\t<\/div>\n\t\t\n\t\t\t\n\t\t\t<div class=\"uael-post__content-wrap uael-content-wrap-disabled\">\n\t\t\t\t\t\t\t<div class=\"uael-post__terms-wrap\"><span class=\"uael-post__terms\"><span class=\"uael-listing__terms-link\">Kids Areas<\/span><span class=\"uael-listing__terms-link\">Commercial Projects<\/span><\/span><\/div>\n\t\t\t\t\t\t<h3 class=\"uael-post__title translation-block\">Bubu Kids Club <br> Project<\/h3>\n\t\t\t\t\t<a class=\"uael-post__read-more elementor-button\" href=\"http:\/\/pinargorpeoglu.com\/en\/bubu-kids-club-projesi\/\" target=\"_self\" aria-labelledby=\"uael-post-4057\">\n\t\t\t\t\t<span class=\"elementor-button-content-wrapper\">\n\t\t\t\t\t\t\t\t\t\t\t\t\t\t<span class=\"elementor-button-icon elementor-align-icon-left\">\n\n\t\t\t\t\t\t\t\t\t\n\t\t\t\t\t\t\t\t<\/span>\n\t\t\t\t\t\t\t\t\t\t\t\t\t\n\t\t\t\t\t\t<span class=\"elementor-button-text\" id=\"uael-post-4057\">Details from our project \u2192<\/span>\n\t\t\t\t\t<\/span>\n\t\t\t\t<\/a>\n\t\t\t\t\t\t<\/div>\n\t\t\t\n\t\t<\/div>\n\t\t\n\t<\/div>\n\n<\/div>\n\n<div class=\"uael-post-wrapper   \u00c7ocuk-alanlar\u0131 ticari-projeler\">\n\t<div class=\"uael-post__bg-wrap uael-bg-wrap-disabled\">\n\n\t\t\t\t\n\t\t<div class=\"uael-post__inner-wrap uael-inner-wrap-disabled\">\n\n\t\t\t\t<div class=\"uael-post__thumbnail\">\n\t\t\t\n\t\t\t<a href=\"http:\/\/pinargorpeoglu.com\/en\/0003-cocuk-kulubu-projesi\/\" target=\"_self\" title=\"Kids Club Project\"><img decoding=\"async\" src=\"https:\/\/pinargorpeoglu.com\/wp-content\/uploads\/elementor\/thumbs\/1-2-p78uszc56wwq35nlyy82flfn9qrhwwotoljy6huya4.jpg\" title=\"\u00c7ocuk Kul\u00fcb\u00fc Projesi &#8211; P\u0131nar G\u00f6rpeo\u011flu\" alt=\"\u00c7ocuk Kul\u00fcb\u00fc Projesi - P\u0131nar G\u00f6rpeo\u011flu\" loading=\"lazy\" \/><\/a>\n\t\t\t\t\t<\/div>\n\t\t\n\t\t\t\n\t\t\t<div class=\"uael-post__content-wrap uael-content-wrap-disabled\">\n\t\t\t\t\t\t\t<div class=\"uael-post__terms-wrap\"><span class=\"uael-post__terms\"><span class=\"uael-listing__terms-link\">Kids Areas<\/span><span class=\"uael-listing__terms-link\">Commercial Projects<\/span><\/span><\/div>\n\t\t\t\t\t\t<h3 class=\"uael-post__title translation-block\">Kids Club Project<\/h3>\n\t\t\t\t\t<a class=\"uael-post__read-more elementor-button\" href=\"http:\/\/pinargorpeoglu.com\/en\/0003-cocuk-kulubu-projesi\/\" target=\"_self\" aria-labelledby=\"uael-post-2892\">\n\t\t\t\t\t<span class=\"elementor-button-content-wrapper\">\n\t\t\t\t\t\t\t\t\t\t\t\t\t\t<span class=\"elementor-button-icon elementor-align-icon-left\">\n\n\t\t\t\t\t\t\t\t\t\n\t\t\t\t\t\t\t\t<\/span>\n\t\t\t\t\t\t\t\t\t\t\t\t\t\n\t\t\t\t\t\t<span class=\"elementor-button-text\" id=\"uael-post-2892\">Details from our project \u2192<\/span>\n\t\t\t\t\t<\/span>\n\t\t\t\t<\/a>\n\t\t\t\t\t\t<\/div>\n\t\t\t\n\t\t<\/div>\n\t\t\n\t<\/div>\n\n<\/div>\n\n<div class=\"uael-post-wrapper   \u00c7ocuk-alanlar\u0131 dream-room-proje\">\n\t<div class=\"uael-post__bg-wrap uael-bg-wrap-disabled\">\n\n\t\t\t\t\n\t\t<div class=\"uael-post__inner-wrap uael-inner-wrap-disabled\">\n\n\t\t\t\t<div class=\"uael-post__thumbnail\">\n\t\t\t\n\t\t\t<a href=\"http:\/\/pinargorpeoglu.com\/en\/0004-cocuk-odalari-renovasyonu\/\" target=\"_self\" title=\"Children&#039;s Room Renovation\"><img decoding=\"async\" src=\"https:\/\/pinargorpeoglu.com\/wp-content\/uploads\/elementor\/thumbs\/1-4-p78yzdiiomsbp377ryj5dn6ox5hphhqqcz8qgavaq4.jpg\" title=\"\u00c7ocuk Odalar\u0131 Renovasyonu &#8211; P\u0131nar G\u00f6rpeo\u011flu\" alt=\"\u00c7ocuk Odalar\u0131 Renovasyonu - P\u0131nar G\u00f6rpeo\u011flu\" loading=\"lazy\" \/><\/a>\n\t\t\t\t\t<\/div>\n\t\t\n\t\t\t\n\t\t\t<div class=\"uael-post__content-wrap uael-content-wrap-disabled\">\n\t\t\t\t\t\t\t<div class=\"uael-post__terms-wrap\"><span class=\"uael-post__terms\"><span class=\"uael-listing__terms-link\">Kids Areas<\/span><span class=\"uael-listing__terms-link\">Dream Room Project<\/span><\/span><\/div>\n\t\t\t\t\t\t<h3 class=\"uael-post__title\">\n\n\t\t\n\t\t\t\t\t\t<a href=\"http:\/\/pinargorpeoglu.com\/en\/0004-cocuk-odalari-renovasyonu\/\" target=\"_self\">\n\t\t\t\tChildren's Room Renovation\t\t\t<\/a>\n\n\t\t\t\t<\/h3>\n\t\t\t\t\t<a class=\"uael-post__read-more elementor-button\" href=\"http:\/\/pinargorpeoglu.com\/en\/0004-cocuk-odalari-renovasyonu\/\" target=\"_self\" aria-labelledby=\"uael-post-3008\">\n\t\t\t\t\t<span class=\"elementor-button-content-wrapper\">\n\t\t\t\t\t\t\t\t\t\t\t\t\t\t<span class=\"elementor-button-icon elementor-align-icon-left\">\n\n\t\t\t\t\t\t\t\t\t\n\t\t\t\t\t\t\t\t<\/span>\n\t\t\t\t\t\t\t\t\t\t\t\t\t\n\t\t\t\t\t\t<span class=\"elementor-button-text\" id=\"uael-post-3008\">Details from our project \u2192<\/span>\n\t\t\t\t\t<\/span>\n\t\t\t\t<\/a>\n\t\t\t\t\t\t<\/div>\n\t\t\t\n\t\t<\/div>\n\t\t\n\t<\/div>\n\n<\/div>\n\n<div class=\"uael-post-wrapper   \u00c7ocuk-alanlar\u0131 ticari-projeler\">\n\t<div class=\"uael-post__bg-wrap uael-bg-wrap-disabled\">\n\n\t\t\t\t\n\t\t<div class=\"uael-post__inner-wrap uael-inner-wrap-disabled\">\n\n\t\t\t\t<div class=\"uael-post__thumbnail\">\n\t\t\t\n\t\t\t<a href=\"http:\/\/pinargorpeoglu.com\/en\/0005-kres-projesi\/\" target=\"_self\" title=\"Kindergarten Project\"><img decoding=\"async\" src=\"https:\/\/pinargorpeoglu.com\/wp-content\/uploads\/elementor\/thumbs\/1-6-p79dzgm3ko4gn4p11wx2jusckdh58muhm5necw2tjg.jpg\" title=\"Kre\u015f Projesi &#8211; P\u0131nar G\u00f6rpeo\u011flu\" alt=\"Kre\u015f Projesi - P\u0131nar G\u00f6rpeo\u011flu\" loading=\"lazy\" \/><\/a>\n\t\t\t\t\t<\/div>\n\t\t\n\t\t\t\n\t\t\t<div class=\"uael-post__content-wrap uael-content-wrap-disabled\">\n\t\t\t\t\t\t\t<div class=\"uael-post__terms-wrap\"><span class=\"uael-post__terms\"><span class=\"uael-listing__terms-link\">Kids Areas<\/span><span class=\"uael-listing__terms-link\">Commercial Projects<\/span><\/span><\/div>\n\t\t\t\t\t\t<h3 class=\"uael-post__title\">\n\n\t\t\n\t\t\t\t\t\t<a href=\"http:\/\/pinargorpeoglu.com\/en\/0005-kres-projesi\/\" target=\"_self\">\n\t\t\t\tKindergarten Project\t\t\t<\/a>\n\n\t\t\t\t<\/h3>\n\t\t\t\t\t<a class=\"uael-post__read-more elementor-button\" href=\"http:\/\/pinargorpeoglu.com\/en\/0005-kres-projesi\/\" target=\"_self\" aria-labelledby=\"uael-post-3186\">\n\t\t\t\t\t<span class=\"elementor-button-content-wrapper\">\n\t\t\t\t\t\t\t\t\t\t\t\t\t\t<span class=\"elementor-button-icon elementor-align-icon-left\">\n\n\t\t\t\t\t\t\t\t\t\n\t\t\t\t\t\t\t\t<\/span>\n\t\t\t\t\t\t\t\t\t\t\t\t\t\n\t\t\t\t\t\t<span class=\"elementor-button-text\" id=\"uael-post-3186\">Details from our project \u2192<\/span>\n\t\t\t\t\t<\/span>\n\t\t\t\t<\/a>\n\t\t\t\t\t\t<\/div>\n\t\t\t\n\t\t<\/div>\n\t\t\n\t<\/div>\n\n<\/div>\n\n<div class=\"uael-post-wrapper   \u00c7ocuk-alanlar\u0131 ticari-projeler\">\n\t<div class=\"uael-post__bg-wrap uael-bg-wrap-disabled\">\n\n\t\t\t\t\n\t\t<div class=\"uael-post__inner-wrap uael-inner-wrap-disabled\">\n\n\t\t\t\t<div class=\"uael-post__thumbnail\">\n\t\t\t\n\t\t\t<a href=\"http:\/\/pinargorpeoglu.com\/en\/0010-anaokulu-mimari-proje\/\" target=\"_self\" title=\"Kindergarten Architectural Project\"><img decoding=\"async\" src=\"https:\/\/pinargorpeoglu.com\/wp-content\/uploads\/elementor\/thumbs\/1-11-p7ahfz7hy6pccbbd8fuv7w534dxitj75x26wrvv47g.jpg\" title=\"Anaokulu Mimari Proje &#8211; P\u0131nar G\u00f6rpeo\u011flu\" alt=\"Anaokulu Mimari Proje - P\u0131nar G\u00f6rpeo\u011flu\" loading=\"lazy\" \/><\/a>\n\t\t\t\t\t<\/div>\n\t\t\n\t\t\t\n\t\t\t<div class=\"uael-post__content-wrap uael-content-wrap-disabled\">\n\t\t\t\t\t\t\t<div class=\"uael-post__terms-wrap\"><span class=\"uael-post__terms\"><span class=\"uael-listing__terms-link\">Kids Areas<\/span><span class=\"uael-listing__terms-link\">Commercial Projects<\/span><\/span><\/div>\n\t\t\t\t\t\t<h3 class=\"uael-post__title\">\n\n\t\t\n\t\t\t\t\t\t<a href=\"http:\/\/pinargorpeoglu.com\/en\/0010-anaokulu-mimari-proje\/\" target=\"_self\">\n\t\t\t\tKindergarten Architectural Project\t\t\t<\/a>\n\n\t\t\t\t<\/h3>\n\t\t\t\t\t<a class=\"uael-post__read-more elementor-button\" href=\"http:\/\/pinargorpeoglu.com\/en\/0010-anaokulu-mimari-proje\/\" target=\"_self\" aria-labelledby=\"uael-post-3405\">\n\t\t\t\t\t<span class=\"elementor-button-content-wrapper\">\n\t\t\t\t\t\t\t\t\t\t\t\t\t\t<span class=\"elementor-button-icon elementor-align-icon-left\">\n\n\t\t\t\t\t\t\t\t\t\n\t\t\t\t\t\t\t\t<\/span>\n\t\t\t\t\t\t\t\t\t\t\t\t\t\n\t\t\t\t\t\t<span class=\"elementor-button-text\" id=\"uael-post-3405\">Details from our project \u2192<\/span>\n\t\t\t\t\t<\/span>\n\t\t\t\t<\/a>\n\t\t\t\t\t\t<\/div>\n\t\t\t\n\t\t<\/div>\n\t\t\n\t<\/div>\n\n<\/div>\n\n<div class=\"uael-post-wrapper   \u00c7ocuk-alanlar\u0131\">\n\t<div class=\"uael-post__bg-wrap uael-bg-wrap-disabled\">\n\n\t\t\t\t\n\t\t<div class=\"uael-post__inner-wrap uael-inner-wrap-disabled\">\n\n\t\t\t\t<div class=\"uael-post__thumbnail\">\n\t\t\t\n\t\t\t<a href=\"http:\/\/pinargorpeoglu.com\/en\/0011-cocuk-oyun-ve-etkinlik-alani\/\" target=\"_self\" title=\"Children&#039;s Play and Activity Area\"><img decoding=\"async\" src=\"https:\/\/pinargorpeoglu.com\/wp-content\/uploads\/elementor\/thumbs\/1-3-p78xxdvcgos4ggdsm1cz3qb0liqndvxa4y196p747g.jpg\" title=\"\u00c7ocuk Oyun ve Etkinlik Alan\u0131 &#8211; P\u0131nar G\u00f6rpeo\u011flu\" alt=\"\u00c7ocuk Oyun ve Etkinlik Alan\u0131 - P\u0131nar G\u00f6rpeo\u011flu\" loading=\"lazy\" \/><\/a>\n\t\t\t\t\t<\/div>\n\t\t\n\t\t\t\n\t\t\t<div class=\"uael-post__content-wrap uael-content-wrap-disabled\">\n\t\t\t\t\t\t\t<div class=\"uael-post__terms-wrap\"><span class=\"uael-post__terms\"><span class=\"uael-listing__terms-link\">Kids Areas<\/span><\/span><\/div>\n\t\t\t\t\t\t<h3 class=\"uael-post__title\">\n\n\t\t\n\t\t\t\t\t\t<a href=\"http:\/\/pinargorpeoglu.com\/en\/0011-cocuk-oyun-ve-etkinlik-alani\/\" target=\"_self\">\n\t\t\t\tChildren's Play and Activity Area\t\t\t<\/a>\n\n\t\t\t\t<\/h3>\n\t\t\t\t\t<a class=\"uael-post__read-more elementor-button\" href=\"http:\/\/pinargorpeoglu.com\/en\/0011-cocuk-oyun-ve-etkinlik-alani\/\" target=\"_self\" aria-labelledby=\"uael-post-2979\">\n\t\t\t\t\t<span class=\"elementor-button-content-wrapper\">\n\t\t\t\t\t\t\t\t\t\t\t\t\t\t<span class=\"elementor-button-icon elementor-align-icon-left\">\n\n\t\t\t\t\t\t\t\t\t\n\t\t\t\t\t\t\t\t<\/span>\n\t\t\t\t\t\t\t\t\t\t\t\t\t\n\t\t\t\t\t\t<span class=\"elementor-button-text\" id=\"uael-post-2979\">Details from our project \u2192<\/span>\n\t\t\t\t\t<\/span>\n\t\t\t\t<\/a>\n\t\t\t\t\t\t<\/div>\n\t\t\t\n\t\t<\/div>\n\t\t\n\t<\/div>\n\n<\/div>\n\t\t\t\t<\/div>\n\t\t\t\t\t\t<div class=\"uael-post-inf-loader\">\n\t\t\t\t<div class=\"uael-post-loader-1\"><\/div>\n\t\t\t\t<div class=\"uael-post-loader-2\"><\/div>\n\t\t\t\t<div class=\"uael-post-loader-3\"><\/div>\n\t\t\t<\/div>\n\t\t\t\t\t\t\n\t\t<\/div>\n\n\t\t\t\t\t\t<\/div>\n\t\t<div class=\"uael-post__footer\">\n\t\t\t\t\t<\/div>\n\t\t\t\t<\/div>\n\t\t\t\t<\/div>\n\t\t\t\t\t<\/div>\n\t\t<\/div>\n\t\t\t\t<div class=\"elementor-column elementor-col-33 elementor-top-column elementor-element elementor-element-81c55c2\" data-id=\"81c55c2\" data-element_type=\"column\">\n\t\t\t<div class=\"elementor-widget-wrap\">\n\t\t\t\t\t\t\t<\/div>\n\t\t<\/div>\n\t\t\t\t\t<\/div>\n\t\t<\/section>\n\t\t\t\t<\/div>","protected":false},"excerpt":{"rendered":"<p>\u00c7ocuk Alanlar\u0131 \u00c7ocuk Alanlar\u0131Dream Room Proje \u00c7ocuk Odalar\u0131 Renovasyonu Projemizden detaylar \u2192 \u00c7ocuk Alanlar\u0131 \u00c7ocuk Oyun ve Etkinlik Alan\u0131 Projemizden detaylar \u2192 \u00c7ocuk Alanlar\u0131 \u00c7ocuk Kul\u00fcb\u00fc Projesi Projemizden detaylar \u2192<\/p>","protected":false},"author":1,"featured_media":0,"parent":0,"menu_order":0,"comment_status":"closed","ping_status":"closed","template":"","meta":{"footnotes":""},"class_list":["post-2947","page","type-page","status-publish","hentry"],"_links":{"self":[{"href":"http:\/\/pinargorpeoglu.com\/en\/wp-json\/wp\/v2\/pages\/2947","targetHints":{"allow":["GET"]}}],"collection":[{"href":"http:\/\/pinargorpeoglu.com\/en\/wp-json\/wp\/v2\/pages"}],"about":[{"href":"http:\/\/pinargorpeoglu.com\/en\/wp-json\/wp\/v2\/types\/page"}],"author":[{"embeddable":true,"href":"http:\/\/pinargorpeoglu.com\/en\/wp-json\/wp\/v2\/users\/1"}],"replies":[{"embeddable":true,"href":"http:\/\/pinargorpeoglu.com\/en\/wp-json\/wp\/v2\/comments?post=2947"}],"version-history":[{"count":0,"href":"http:\/\/pinargorpeoglu.com\/en\/wp-json\/wp\/v2\/pages\/2947\/revisions"}],"wp:attachment":[{"href":"http:\/\/pinargorpeoglu.com\/en\/wp-json\/wp\/v2\/media?parent=2947"}],"curies":[{"name":"wp","href":"https:\/\/api.w.org\/{rel}","templated":true}]}}