{"id":2322,"date":"2021-05-13T21:02:19","date_gmt":"2021-05-13T21:02:19","guid":{"rendered":"https:\/\/pinargorpeoglu.com\/?page_id=2322"},"modified":"2023-12-27T10:30:34","modified_gmt":"2023-12-27T10:30:34","slug":"tum-projeler","status":"publish","type":"page","link":"http:\/\/pinargorpeoglu.com\/en\/tum-projeler\/","title":{"rendered":"All Projects"},"content":{"rendered":"<div data-elementor-type=\"wp-page\" data-elementor-id=\"2322\" class=\"elementor elementor-2322\" data-elementor-post-type=\"page\">\n\t\t\t\t\t\t<section class=\"elementor-section elementor-top-section elementor-element elementor-element-78b8881 elementor-section-full_width elementor-section-height-default elementor-section-height-default\" data-id=\"78b8881\" data-element_type=\"section\" data-settings=\"{&quot;background_background&quot;:&quot;classic&quot;}\">\n\t\t\t\t\t\t<div class=\"elementor-container elementor-column-gap-no\">\n\t\t\t\t\t<div class=\"elementor-column elementor-col-33 elementor-top-column elementor-element elementor-element-9a71d53\" data-id=\"9a71d53\" data-element_type=\"column\">\n\t\t\t<div class=\"elementor-widget-wrap\">\n\t\t\t\t\t\t\t<\/div>\n\t\t<\/div>\n\t\t\t\t<div class=\"elementor-column elementor-col-33 elementor-top-column elementor-element elementor-element-ebdcbe9\" data-id=\"ebdcbe9\" data-element_type=\"column\">\n\t\t\t<div class=\"elementor-widget-wrap elementor-element-populated\">\n\t\t\t\t\t\t<div class=\"elementor-element elementor-element-4c72bc1 elementor-widget elementor-widget-heading\" data-id=\"4c72bc1\" data-element_type=\"widget\" data-widget_type=\"heading.default\">\n\t\t\t\t<div class=\"elementor-widget-container\">\n\t\t\t<h1 class=\"elementor-heading-title elementor-size-default\">All Projects<\/h1>\t\t<\/div>\n\t\t\t\t<\/div>\n\t\t\t\t<div class=\"elementor-element elementor-element-aa1bd85 elementor-widget elementor-widget-spacer\" data-id=\"aa1bd85\" data-element_type=\"widget\" data-widget_type=\"spacer.default\">\n\t\t\t\t<div class=\"elementor-widget-container\">\n\t\t\t\t\t<div class=\"elementor-spacer\">\n\t\t\t<div class=\"elementor-spacer-inner\"><\/div>\n\t\t<\/div>\n\t\t\t\t<\/div>\n\t\t\t\t<\/div>\n\t\t\t\t\t<\/div>\n\t\t<\/div>\n\t\t\t\t<div class=\"elementor-column elementor-col-33 elementor-top-column elementor-element elementor-element-22683a5\" data-id=\"22683a5\" data-element_type=\"column\">\n\t\t\t<div class=\"elementor-widget-wrap\">\n\t\t\t\t\t\t\t<\/div>\n\t\t<\/div>\n\t\t\t\t\t<\/div>\n\t\t<\/section>\n\t\t\t\t<section class=\"elementor-section elementor-top-section elementor-element elementor-element-d9121e6 elementor-section-full_width elementor-section-height-default elementor-section-height-default\" data-id=\"d9121e6\" data-element_type=\"section\">\n\t\t\t\t\t\t<div class=\"elementor-container elementor-column-gap-no\">\n\t\t\t\t\t<div class=\"elementor-column elementor-col-33 elementor-top-column elementor-element elementor-element-9fa1731\" data-id=\"9fa1731\" data-element_type=\"column\">\n\t\t\t<div class=\"elementor-widget-wrap\">\n\t\t\t\t\t\t\t<\/div>\n\t\t<\/div>\n\t\t\t\t<div class=\"elementor-column elementor-col-33 elementor-top-column elementor-element elementor-element-8fb3baf\" data-id=\"8fb3baf\" data-element_type=\"column\">\n\t\t\t<div class=\"elementor-widget-wrap elementor-element-populated\">\n\t\t\t\t\t\t<div class=\"elementor-element elementor-element-2eee9b4 uael-post__link-complete-yes elementor-widget elementor-widget-uael-posts\" data-id=\"2eee9b4\" data-element_type=\"widget\" data-settings=\"{&quot;classic_slides_to_show&quot;:2,&quot;classic_show_filters&quot;:&quot;yes&quot;,&quot;classic_slides_to_show_tablet&quot;:2,&quot;classic_slides_to_show_mobile&quot;:1}\" data-widget_type=\"uael-posts.classic\">\n\t\t\t\t<div class=\"elementor-widget-container\">\n\t\t\t\t\t<div class=\"uael-post__header\">\n\t\t\t\t\t<div class=\"uael-post__header-filters-wrap\">\n\t\t\t<ul class=\"uael-post__header-filters\" aria-label=\"Taxonomy Filter\">\n\t\t\t\t<li class=\"uael-post__header-filter uael-filter__current\" data-filter=\"*\">All Projects<\/li>\n\t\t\t\t\t\t\t\t<li class=\"uael-post__header-filter\" data-filter=\".cocuk-alanlari\" tabindex=\"0\">Kids Areas<\/li>\n\t\t\t\t\t\t\t\t<li class=\"uael-post__header-filter\" data-filter=\".dream-room-projeleri\" tabindex=\"0\">Dream Room Project<\/li>\n\t\t\t\t\t\t\t\t<li class=\"uael-post__header-filter\" data-filter=\".konut-projeleri\" tabindex=\"0\">Residential Projects<\/li>\n\t\t\t\t\t\t\t\t<li class=\"uael-post__header-filter\" data-filter=\".ticari-projeler\" tabindex=\"0\">Commercial Projects<\/li>\n\t\t\t\t\t\t\t<\/ul>\n\n\t\t\t\t\t<\/div>\n\t\t\t\t<\/div>\n\t\t<div class=\"uael-post__body\">\n\t\t\t\n\t\t\n\t\t<div class=\"uael-blog-terms-position-above_content uael-post-image-top uael-post-grid uael-posts\" data-query-type=\"custom\" data-structure=\"masonry\" data-layout=\"masonry\" data-page=\"2322\" data-skin=\"classic\" data-filter-default=\"T\u00fcm Projeler\" data-offset-top=\"30\" >\n\n\t\t\t\t\t\t\t<div class=\"uael-post-grid__inner uael-post__columns-2 uael-post__columns-tablet-2 uael-post__columns-mobile-1 uael-post-masonry uael-post-infinite-scroll uael-post-infinite__event-scroll\">\n\t\t\t\n<div class=\"uael-post-wrapper cocuk-alanlari ticari-projeler  \u00c7ocuk-alanlar\u0131 ticari-projeler\">\n\t<div class=\"uael-post__bg-wrap uael-bg-wrap-disabled\">\n\n\t\t\t\t\t<a href=\"http:\/\/pinargorpeoglu.com\/en\/piccola-play-cafe-projesi\/\" target=\"_self\" class=\"uael-post__complete-box-overlay\" aria-label=\"Link Complete Box\"><\/a>\n\t\t\t\t\n\t\t<div class=\"uael-post__inner-wrap uael-inner-wrap-disabled\">\n\n\t\t\t\t<div class=\"uael-post__thumbnail\">\n\t\t\t\n\t\t\t<a href=\"http:\/\/pinargorpeoglu.com\/en\/piccola-play-cafe-projesi\/\" target=\"_self\" title=\"Piccola Play Cafe Project\"><img decoding=\"async\" src=\"https:\/\/pinargorpeoglu.com\/wp-content\/uploads\/elementor\/thumbs\/Piccola-Play-Cafe-01-qf1ze1v1441r0ryy9n0lx5c86ej2cmkr0t3jwqc5qk.jpg\" title=\"Piccola Play Cafe\" alt=\"Piccola Play Cafe\" loading=\"lazy\" \/><\/a>\n\t\t\t\t\t<\/div>\n\t\t\n\t\t\t\n\t\t\t<div class=\"uael-post__content-wrap uael-content-wrap-disabled\">\n\t\t\t\t\t\t\t<div class=\"uael-post__terms-wrap\"><span class=\"uael-post__terms\"><span class=\"uael-listing__terms-link\">Kids Areas<\/span><span class=\"uael-listing__terms-link\">Commercial Projects<\/span><\/span><\/div>\n\t\t\t\t\t\t<h3 class=\"uael-post__title translation-block\">Piccola Play Cafe <br> Project<\/h3>\n\t\t\t\t\t<a class=\"uael-post__read-more elementor-button\" href=\"http:\/\/pinargorpeoglu.com\/en\/piccola-play-cafe-projesi\/\" target=\"_self\" aria-labelledby=\"uael-post-4086\">\n\t\t\t\t\t<span class=\"elementor-button-content-wrapper\">\n\t\t\t\t\t\t\t\t\t\t\t\t\t\t<span class=\"elementor-button-icon elementor-align-icon-left\">\n\n\t\t\t\t\t\t\t\t\t\n\t\t\t\t\t\t\t\t<\/span>\n\t\t\t\t\t\t\t\t\t\t\t\t\t\n\t\t\t\t\t\t<span class=\"elementor-button-text\" id=\"uael-post-4086\">Details from our project \u2192<\/span>\n\t\t\t\t\t<\/span>\n\t\t\t\t<\/a>\n\t\t\t\t\t\t<\/div>\n\t\t\t\n\t\t<\/div>\n\t\t\n\t<\/div>\n\n<\/div>\n\n<div class=\"uael-post-wrapper cocuk-alanlari ticari-projeler  \u00c7ocuk-alanlar\u0131 ticari-projeler\">\n\t<div class=\"uael-post__bg-wrap uael-bg-wrap-disabled\">\n\n\t\t\t\t\t<a href=\"http:\/\/pinargorpeoglu.com\/en\/bubu-kids-club-projesi\/\" target=\"_self\" class=\"uael-post__complete-box-overlay\" aria-label=\"Link Complete Box\"><\/a>\n\t\t\t\t\n\t\t<div class=\"uael-post__inner-wrap uael-inner-wrap-disabled\">\n\n\t\t\t\t<div class=\"uael-post__thumbnail\">\n\t\t\t\n\t\t\t<a href=\"http:\/\/pinargorpeoglu.com\/en\/bubu-kids-club-projesi\/\" target=\"_self\" title=\"Bubu Kids Club Project\"><img decoding=\"async\" src=\"https:\/\/pinargorpeoglu.com\/wp-content\/uploads\/elementor\/thumbs\/Bubu-Kids-Club-06-qf1z4uzuafgti1bjxnzxjgtz2rtv3638fbgmzbyqks.jpg\" title=\"Bubu Kids Club\" alt=\"Bubu Kids Club\" loading=\"lazy\" \/><\/a>\n\t\t\t\t\t<\/div>\n\t\t\n\t\t\t\n\t\t\t<div class=\"uael-post__content-wrap uael-content-wrap-disabled\">\n\t\t\t\t\t\t\t<div class=\"uael-post__terms-wrap\"><span class=\"uael-post__terms\"><span class=\"uael-listing__terms-link\">Kids Areas<\/span><span class=\"uael-listing__terms-link\">Commercial Projects<\/span><\/span><\/div>\n\t\t\t\t\t\t<h3 class=\"uael-post__title translation-block\">Bubu Kids Club <br> Project<\/h3>\n\t\t\t\t\t<a class=\"uael-post__read-more elementor-button\" href=\"http:\/\/pinargorpeoglu.com\/en\/bubu-kids-club-projesi\/\" target=\"_self\" aria-labelledby=\"uael-post-4057\">\n\t\t\t\t\t<span class=\"elementor-button-content-wrapper\">\n\t\t\t\t\t\t\t\t\t\t\t\t\t\t<span class=\"elementor-button-icon elementor-align-icon-left\">\n\n\t\t\t\t\t\t\t\t\t\n\t\t\t\t\t\t\t\t<\/span>\n\t\t\t\t\t\t\t\t\t\t\t\t\t\n\t\t\t\t\t\t<span class=\"elementor-button-text\" id=\"uael-post-4057\">Details from our project \u2192<\/span>\n\t\t\t\t\t<\/span>\n\t\t\t\t<\/a>\n\t\t\t\t\t\t<\/div>\n\t\t\t\n\t\t<\/div>\n\t\t\n\t<\/div>\n\n<\/div>\n\n<div class=\"uael-post-wrapper konut-projeleri  konut-projeleri\">\n\t<div class=\"uael-post__bg-wrap uael-bg-wrap-disabled\">\n\n\t\t\t\t\t<a href=\"http:\/\/pinargorpeoglu.com\/en\/0001-residence-konut\/\" target=\"_self\" class=\"uael-post__complete-box-overlay\" aria-label=\"Link Complete Box\"><\/a>\n\t\t\t\t\n\t\t<div class=\"uael-post__inner-wrap uael-inner-wrap-disabled\">\n\n\t\t\t\t<div class=\"uael-post__thumbnail\">\n\t\t\t\n\t\t\t<a href=\"http:\/\/pinargorpeoglu.com\/en\/0001-residence-konut\/\" target=\"_self\" title=\"Residence Housing Project\"><img decoding=\"async\" src=\"https:\/\/pinargorpeoglu.com\/wp-content\/uploads\/elementor\/thumbs\/1-p7477qhab5uln5a5w1or72az97v5sb4cusx7qvewb0.jpg\" title=\"Residence Housing Project\" alt=\"Residence Housing Project\" loading=\"lazy\" \/><\/a>\n\t\t\t\t\t<\/div>\n\t\t\n\t\t\t\n\t\t\t<div class=\"uael-post__content-wrap uael-content-wrap-disabled\">\n\t\t\t\t\t\t\t<div class=\"uael-post__terms-wrap\"><span class=\"uael-post__terms\"><span class=\"uael-listing__terms-link\">Residential Projects<\/span><\/span><\/div>\n\t\t\t\t\t\t<h3 class=\"uael-post__title\">\n\n\t\t\n\t\t\t\t\t\t<a href=\"http:\/\/pinargorpeoglu.com\/en\/0001-residence-konut\/\" target=\"_self\">\n\t\t\t\tResidence Housing Project\t\t\t<\/a>\n\n\t\t\t\t<\/h3>\n\t\t\t\t\t<a class=\"uael-post__read-more elementor-button\" href=\"http:\/\/pinargorpeoglu.com\/en\/0001-residence-konut\/\" target=\"_self\" aria-labelledby=\"uael-post-2223\">\n\t\t\t\t\t<span class=\"elementor-button-content-wrapper\">\n\t\t\t\t\t\t\t\t\t\t\t\t\t\t<span class=\"elementor-button-icon elementor-align-icon-left\">\n\n\t\t\t\t\t\t\t\t\t\n\t\t\t\t\t\t\t\t<\/span>\n\t\t\t\t\t\t\t\t\t\t\t\t\t\n\t\t\t\t\t\t<span class=\"elementor-button-text\" id=\"uael-post-2223\">Details from our project \u2192<\/span>\n\t\t\t\t\t<\/span>\n\t\t\t\t<\/a>\n\t\t\t\t\t\t<\/div>\n\t\t\t\n\t\t<\/div>\n\t\t\n\t<\/div>\n\n<\/div>\n\n<div class=\"uael-post-wrapper konut-projeleri  konut-projeleri\">\n\t<div class=\"uael-post__bg-wrap uael-bg-wrap-disabled\">\n\n\t\t\t\t\t<a href=\"http:\/\/pinargorpeoglu.com\/en\/0002-ornek-daire-projesi\/\" target=\"_self\" class=\"uael-post__complete-box-overlay\" aria-label=\"Link Complete Box\"><\/a>\n\t\t\t\t\n\t\t<div class=\"uael-post__inner-wrap uael-inner-wrap-disabled\">\n\n\t\t\t\t<div class=\"uael-post__thumbnail\">\n\t\t\t\n\t\t\t<a href=\"http:\/\/pinargorpeoglu.com\/en\/0002-ornek-daire-projesi\/\" target=\"_self\" title=\"Sample Flat Project\"><img decoding=\"async\" src=\"https:\/\/pinargorpeoglu.com\/wp-content\/uploads\/elementor\/thumbs\/1-7-p79oslsozgtz7ffwq4gqtnma33fnxjpz48o2wv39jg.jpg\" title=\"\u00d6rnek Daire Projesi &#8211; P\u0131nar G\u00f6rpeo\u011flu\" alt=\"\u00d6rnek Daire Projesi - P\u0131nar G\u00f6rpeo\u011flu\" loading=\"lazy\" \/><\/a>\n\t\t\t\t\t<\/div>\n\t\t\n\t\t\t\n\t\t\t<div class=\"uael-post__content-wrap uael-content-wrap-disabled\">\n\t\t\t\t\t\t\t<div class=\"uael-post__terms-wrap\"><span class=\"uael-post__terms\"><span class=\"uael-listing__terms-link\">Residential Projects<\/span><\/span><\/div>\n\t\t\t\t\t\t<h3 class=\"uael-post__title\">\n\n\t\t\n\t\t\t\t\t\t<a href=\"http:\/\/pinargorpeoglu.com\/en\/0002-ornek-daire-projesi\/\" target=\"_self\">\n\t\t\t\tSample Flat Project\t\t\t<\/a>\n\n\t\t\t\t<\/h3>\n\t\t\t\t\t<a class=\"uael-post__read-more elementor-button\" href=\"http:\/\/pinargorpeoglu.com\/en\/0002-ornek-daire-projesi\/\" target=\"_self\" aria-labelledby=\"uael-post-3242\">\n\t\t\t\t\t<span class=\"elementor-button-content-wrapper\">\n\t\t\t\t\t\t\t\t\t\t\t\t\t\t<span class=\"elementor-button-icon elementor-align-icon-left\">\n\n\t\t\t\t\t\t\t\t\t\n\t\t\t\t\t\t\t\t<\/span>\n\t\t\t\t\t\t\t\t\t\t\t\t\t\n\t\t\t\t\t\t<span class=\"elementor-button-text\" id=\"uael-post-3242\">Details from our project \u2192<\/span>\n\t\t\t\t\t<\/span>\n\t\t\t\t<\/a>\n\t\t\t\t\t\t<\/div>\n\t\t\t\n\t\t<\/div>\n\t\t\n\t<\/div>\n\n<\/div>\n\n<div class=\"uael-post-wrapper cocuk-alanlari ticari-projeler  \u00c7ocuk-alanlar\u0131 ticari-projeler\">\n\t<div class=\"uael-post__bg-wrap uael-bg-wrap-disabled\">\n\n\t\t\t\t\t<a href=\"http:\/\/pinargorpeoglu.com\/en\/0003-cocuk-kulubu-projesi\/\" target=\"_self\" class=\"uael-post__complete-box-overlay\" aria-label=\"Link Complete Box\"><\/a>\n\t\t\t\t\n\t\t<div class=\"uael-post__inner-wrap uael-inner-wrap-disabled\">\n\n\t\t\t\t<div class=\"uael-post__thumbnail\">\n\t\t\t\n\t\t\t<a href=\"http:\/\/pinargorpeoglu.com\/en\/0003-cocuk-kulubu-projesi\/\" target=\"_self\" title=\"Kids Club Project\"><img decoding=\"async\" src=\"https:\/\/pinargorpeoglu.com\/wp-content\/uploads\/elementor\/thumbs\/1-2-p78uszc56wwq35nlyy82flfn9qrhwwotoljy6huya4.jpg\" title=\"\u00c7ocuk Kul\u00fcb\u00fc Projesi &#8211; P\u0131nar G\u00f6rpeo\u011flu\" alt=\"\u00c7ocuk Kul\u00fcb\u00fc Projesi - P\u0131nar G\u00f6rpeo\u011flu\" loading=\"lazy\" \/><\/a>\n\t\t\t\t\t<\/div>\n\t\t\n\t\t\t\n\t\t\t<div class=\"uael-post__content-wrap uael-content-wrap-disabled\">\n\t\t\t\t\t\t\t<div class=\"uael-post__terms-wrap\"><span class=\"uael-post__terms\"><span class=\"uael-listing__terms-link\">Kids Areas<\/span><span class=\"uael-listing__terms-link\">Commercial Projects<\/span><\/span><\/div>\n\t\t\t\t\t\t<h3 class=\"uael-post__title translation-block\">Kids Club Project<\/h3>\n\t\t\t\t\t<a class=\"uael-post__read-more elementor-button\" href=\"http:\/\/pinargorpeoglu.com\/en\/0003-cocuk-kulubu-projesi\/\" target=\"_self\" aria-labelledby=\"uael-post-2892\">\n\t\t\t\t\t<span class=\"elementor-button-content-wrapper\">\n\t\t\t\t\t\t\t\t\t\t\t\t\t\t<span class=\"elementor-button-icon elementor-align-icon-left\">\n\n\t\t\t\t\t\t\t\t\t\n\t\t\t\t\t\t\t\t<\/span>\n\t\t\t\t\t\t\t\t\t\t\t\t\t\n\t\t\t\t\t\t<span class=\"elementor-button-text\" id=\"uael-post-2892\">Details from our project \u2192<\/span>\n\t\t\t\t\t<\/span>\n\t\t\t\t<\/a>\n\t\t\t\t\t\t<\/div>\n\t\t\t\n\t\t<\/div>\n\t\t\n\t<\/div>\n\n<\/div>\n\n<div class=\"uael-post-wrapper cocuk-alanlari dream-room-projeleri  \u00c7ocuk-alanlar\u0131 dream-room-proje\">\n\t<div class=\"uael-post__bg-wrap uael-bg-wrap-disabled\">\n\n\t\t\t\t\t<a href=\"http:\/\/pinargorpeoglu.com\/en\/0004-cocuk-odalari-renovasyonu\/\" target=\"_self\" class=\"uael-post__complete-box-overlay\" aria-label=\"Link Complete Box\"><\/a>\n\t\t\t\t\n\t\t<div class=\"uael-post__inner-wrap uael-inner-wrap-disabled\">\n\n\t\t\t\t<div class=\"uael-post__thumbnail\">\n\t\t\t\n\t\t\t<a href=\"http:\/\/pinargorpeoglu.com\/en\/0004-cocuk-odalari-renovasyonu\/\" target=\"_self\" title=\"Children&#039;s Room Renovation\"><img decoding=\"async\" src=\"https:\/\/pinargorpeoglu.com\/wp-content\/uploads\/elementor\/thumbs\/1-4-p78yzdiiomsbp377ryj5dn6ox5hphhqqcz8qgavaq4.jpg\" title=\"\u00c7ocuk Odalar\u0131 Renovasyonu &#8211; P\u0131nar G\u00f6rpeo\u011flu\" alt=\"\u00c7ocuk Odalar\u0131 Renovasyonu - P\u0131nar G\u00f6rpeo\u011flu\" loading=\"lazy\" \/><\/a>\n\t\t\t\t\t<\/div>\n\t\t\n\t\t\t\n\t\t\t<div class=\"uael-post__content-wrap uael-content-wrap-disabled\">\n\t\t\t\t\t\t\t<div class=\"uael-post__terms-wrap\"><span class=\"uael-post__terms\"><span class=\"uael-listing__terms-link\">Kids Areas<\/span><span class=\"uael-listing__terms-link\">Dream Room Project<\/span><\/span><\/div>\n\t\t\t\t\t\t<h3 class=\"uael-post__title\">\n\n\t\t\n\t\t\t\t\t\t<a href=\"http:\/\/pinargorpeoglu.com\/en\/0004-cocuk-odalari-renovasyonu\/\" target=\"_self\">\n\t\t\t\tChildren's Room Renovation\t\t\t<\/a>\n\n\t\t\t\t<\/h3>\n\t\t\t\t\t<a class=\"uael-post__read-more elementor-button\" href=\"http:\/\/pinargorpeoglu.com\/en\/0004-cocuk-odalari-renovasyonu\/\" target=\"_self\" aria-labelledby=\"uael-post-3008\">\n\t\t\t\t\t<span class=\"elementor-button-content-wrapper\">\n\t\t\t\t\t\t\t\t\t\t\t\t\t\t<span class=\"elementor-button-icon elementor-align-icon-left\">\n\n\t\t\t\t\t\t\t\t\t\n\t\t\t\t\t\t\t\t<\/span>\n\t\t\t\t\t\t\t\t\t\t\t\t\t\n\t\t\t\t\t\t<span class=\"elementor-button-text\" id=\"uael-post-3008\">Details from our project \u2192<\/span>\n\t\t\t\t\t<\/span>\n\t\t\t\t<\/a>\n\t\t\t\t\t\t<\/div>\n\t\t\t\n\t\t<\/div>\n\t\t\n\t<\/div>\n\n<\/div>\n\n<div class=\"uael-post-wrapper cocuk-alanlari ticari-projeler  \u00c7ocuk-alanlar\u0131 ticari-projeler\">\n\t<div class=\"uael-post__bg-wrap uael-bg-wrap-disabled\">\n\n\t\t\t\t\t<a href=\"http:\/\/pinargorpeoglu.com\/en\/0005-kres-projesi\/\" target=\"_self\" class=\"uael-post__complete-box-overlay\" aria-label=\"Link Complete Box\"><\/a>\n\t\t\t\t\n\t\t<div class=\"uael-post__inner-wrap uael-inner-wrap-disabled\">\n\n\t\t\t\t<div class=\"uael-post__thumbnail\">\n\t\t\t\n\t\t\t<a href=\"http:\/\/pinargorpeoglu.com\/en\/0005-kres-projesi\/\" target=\"_self\" title=\"Kindergarten Project\"><img decoding=\"async\" src=\"https:\/\/pinargorpeoglu.com\/wp-content\/uploads\/elementor\/thumbs\/1-6-p79dzgm3ko4gn4p11wx2jusckdh58muhm5necw2tjg.jpg\" title=\"Kre\u015f Projesi &#8211; P\u0131nar G\u00f6rpeo\u011flu\" alt=\"Kre\u015f Projesi - P\u0131nar G\u00f6rpeo\u011flu\" loading=\"lazy\" \/><\/a>\n\t\t\t\t\t<\/div>\n\t\t\n\t\t\t\n\t\t\t<div class=\"uael-post__content-wrap uael-content-wrap-disabled\">\n\t\t\t\t\t\t\t<div class=\"uael-post__terms-wrap\"><span class=\"uael-post__terms\"><span class=\"uael-listing__terms-link\">Kids Areas<\/span><span class=\"uael-listing__terms-link\">Commercial Projects<\/span><\/span><\/div>\n\t\t\t\t\t\t<h3 class=\"uael-post__title\">\n\n\t\t\n\t\t\t\t\t\t<a href=\"http:\/\/pinargorpeoglu.com\/en\/0005-kres-projesi\/\" target=\"_self\">\n\t\t\t\tKindergarten Project\t\t\t<\/a>\n\n\t\t\t\t<\/h3>\n\t\t\t\t\t<a class=\"uael-post__read-more elementor-button\" href=\"http:\/\/pinargorpeoglu.com\/en\/0005-kres-projesi\/\" target=\"_self\" aria-labelledby=\"uael-post-3186\">\n\t\t\t\t\t<span class=\"elementor-button-content-wrapper\">\n\t\t\t\t\t\t\t\t\t\t\t\t\t\t<span class=\"elementor-button-icon elementor-align-icon-left\">\n\n\t\t\t\t\t\t\t\t\t\n\t\t\t\t\t\t\t\t<\/span>\n\t\t\t\t\t\t\t\t\t\t\t\t\t\n\t\t\t\t\t\t<span class=\"elementor-button-text\" id=\"uael-post-3186\">Details from our project \u2192<\/span>\n\t\t\t\t\t<\/span>\n\t\t\t\t<\/a>\n\t\t\t\t\t\t<\/div>\n\t\t\t\n\t\t<\/div>\n\t\t\n\t<\/div>\n\n<\/div>\n\n<div class=\"uael-post-wrapper konut-projeleri  konut-projeleri\">\n\t<div class=\"uael-post__bg-wrap uael-bg-wrap-disabled\">\n\n\t\t\t\t\t<a href=\"http:\/\/pinargorpeoglu.com\/en\/0006-studyo-daire-projesi\/\" target=\"_self\" class=\"uael-post__complete-box-overlay\" aria-label=\"Link Complete Box\"><\/a>\n\t\t\t\t\n\t\t<div class=\"uael-post__inner-wrap uael-inner-wrap-disabled\">\n\n\t\t\t\t<div class=\"uael-post__thumbnail\">\n\t\t\t\n\t\t\t<a href=\"http:\/\/pinargorpeoglu.com\/en\/0006-studyo-daire-projesi\/\" target=\"_self\" title=\"Studio Flat Project\"><img decoding=\"async\" src=\"https:\/\/pinargorpeoglu.com\/wp-content\/uploads\/elementor\/thumbs\/1-8-p79pacyy2t4yi9nh1sr1x6bq13x9bq7g84a990rk0c.jpg\" title=\"Studyo Daire Projesi &#8211; P\u0131nar G\u00f6rpeo\u011flu\" alt=\"Studyo Daire Projesi - P\u0131nar G\u00f6rpeo\u011flu\" loading=\"lazy\" \/><\/a>\n\t\t\t\t\t<\/div>\n\t\t\n\t\t\t\n\t\t\t<div class=\"uael-post__content-wrap uael-content-wrap-disabled\">\n\t\t\t\t\t\t\t<div class=\"uael-post__terms-wrap\"><span class=\"uael-post__terms\"><span class=\"uael-listing__terms-link\">Residential Projects<\/span><\/span><\/div>\n\t\t\t\t\t\t<h3 class=\"uael-post__title\">\n\n\t\t\n\t\t\t\t\t\t<a href=\"http:\/\/pinargorpeoglu.com\/en\/0006-studyo-daire-projesi\/\" target=\"_self\">\n\t\t\t\tStudio Flat Project\t\t\t<\/a>\n\n\t\t\t\t<\/h3>\n\t\t\t\t\t<a class=\"uael-post__read-more elementor-button\" href=\"http:\/\/pinargorpeoglu.com\/en\/0006-studyo-daire-projesi\/\" target=\"_self\" aria-labelledby=\"uael-post-3267\">\n\t\t\t\t\t<span class=\"elementor-button-content-wrapper\">\n\t\t\t\t\t\t\t\t\t\t\t\t\t\t<span class=\"elementor-button-icon elementor-align-icon-left\">\n\n\t\t\t\t\t\t\t\t\t\n\t\t\t\t\t\t\t\t<\/span>\n\t\t\t\t\t\t\t\t\t\t\t\t\t\n\t\t\t\t\t\t<span class=\"elementor-button-text\" id=\"uael-post-3267\">Details from our project \u2192<\/span>\n\t\t\t\t\t<\/span>\n\t\t\t\t<\/a>\n\t\t\t\t\t\t<\/div>\n\t\t\t\n\t\t<\/div>\n\t\t\n\t<\/div>\n\n<\/div>\n\t\t\t\t<\/div>\n\t\t\t\t\t\t<div class=\"uael-post-inf-loader\">\n\t\t\t\t<div class=\"uael-post-loader-1\"><\/div>\n\t\t\t\t<div class=\"uael-post-loader-2\"><\/div>\n\t\t\t\t<div class=\"uael-post-loader-3\"><\/div>\n\t\t\t<\/div>\n\t\t\t\t\t\t\n\t\t<\/div>\n\n\t\t\t\t\t\t<\/div>\n\t\t<div class=\"uael-post__footer\">\n\t\t\t\t\t\t<nav class=\"uael-grid-pagination\" style=\"display:none;\" role=\"navigation\" aria-label=\"Pagination\" data-total=\"3\" data-next-page=\"2\">\n\t\t\t\t\t\t\t<\/nav>\n\t\t\t\t\t<\/div>\n\t\t\t\t<\/div>\n\t\t\t\t<\/div>\n\t\t\t\t\t<\/div>\n\t\t<\/div>\n\t\t\t\t<div class=\"elementor-column elementor-col-33 elementor-top-column elementor-element elementor-element-81c55c2\" data-id=\"81c55c2\" data-element_type=\"column\">\n\t\t\t<div class=\"elementor-widget-wrap\">\n\t\t\t\t\t\t\t<\/div>\n\t\t<\/div>\n\t\t\t\t\t<\/div>\n\t\t<\/section>\n\t\t\t\t<\/div>","protected":false},"excerpt":{"rendered":"<p>T\u00fcm Projeler T\u00fcm Projeler \u00c7ocuk Alanlar\u0131 Dream Room Proje Konut Projeleri Ticari Projeler \u00c7ocuk Alanlar\u0131 Piccola Play Cafe Projesi Projemizden detaylar \u2192 \u00c7ocuk Alanlar\u0131 Bubu Kids Club Projesi Projemizden detaylar \u2192 Konut Projeleri Residence Konut Projesi Projemizden detaylar \u2192 Konut Projeleri \u00d6rnek Daire Projesi Projemizden detaylar \u2192 \u00c7ocuk Alanlar\u0131 \u00c7ocuk Kul\u00fcb\u00fc Projesi Projemizden detaylar \u2192 [&hellip;]<\/p>","protected":false},"author":1,"featured_media":0,"parent":0,"menu_order":0,"comment_status":"closed","ping_status":"closed","template":"","meta":{"footnotes":""},"class_list":["post-2322","page","type-page","status-publish","hentry"],"_links":{"self":[{"href":"http:\/\/pinargorpeoglu.com\/en\/wp-json\/wp\/v2\/pages\/2322","targetHints":{"allow":["GET"]}}],"collection":[{"href":"http:\/\/pinargorpeoglu.com\/en\/wp-json\/wp\/v2\/pages"}],"about":[{"href":"http:\/\/pinargorpeoglu.com\/en\/wp-json\/wp\/v2\/types\/page"}],"author":[{"embeddable":true,"href":"http:\/\/pinargorpeoglu.com\/en\/wp-json\/wp\/v2\/users\/1"}],"replies":[{"embeddable":true,"href":"http:\/\/pinargorpeoglu.com\/en\/wp-json\/wp\/v2\/comments?post=2322"}],"version-history":[{"count":12,"href":"http:\/\/pinargorpeoglu.com\/en\/wp-json\/wp\/v2\/pages\/2322\/revisions"}],"predecessor-version":[{"id":4144,"href":"http:\/\/pinargorpeoglu.com\/en\/wp-json\/wp\/v2\/pages\/2322\/revisions\/4144"}],"wp:attachment":[{"href":"http:\/\/pinargorpeoglu.com\/en\/wp-json\/wp\/v2\/media?parent=2322"}],"curies":[{"name":"wp","href":"https:\/\/api.w.org\/{rel}","templated":true}]}}